{"id":340,"date":"2023-04-20T08:46:56","date_gmt":"2023-04-20T08:46:56","guid":{"rendered":"https:\/\/clicktester.net\/?page_id=340"},"modified":"2023-06-21T15:42:29","modified_gmt":"2023-06-21T15:42:29","slug":"fare-testi","status":"publish","type":"page","link":"https:\/\/clicktester.net\/tr\/fare-testi\/","title":{"rendered":"Fare Testi"},"content":{"rendered":"\n<h1 class=\"wp-block-heading has-text-align-center\">Fare Testi &#8211; Fare d\u00fc\u011fmesi testi<\/h1>\n\n\n\n<p>Fare d\u00fc\u011fmeleri testlerinin \u00f6nemini ke\u015ffedin, farenizin performans\u0131n\u0131 ve yan\u0131t verme yetene\u011fini nas\u0131l de\u011ferlendirdiklerini \u00f6\u011frenin.<\/p>\n\n\n <link href=\"\/js\/newoutput.56c1953f3e31.css\" rel=\"stylesheet\" type=\"text\/css\" \/>\n    <script src=\"\/js\/script.js\"><\/script>\n\n      \n      <div class=\"row\">\n      <div class=\"card radius-15\" style=\"position: inherit\">\n        <div class=\"row\">\n          <div class=\"mt-3\">\n            <div class=\"col-12 col-lg-12 col-xl-12\">\n              <div class=\"row text-center\">\n                <div class=\"col-12 col-lg-4\">\n                  <div class=\"card cps-gradient-16 radius-15 p-3\">\n                    <span\n                      id=\"left-click-count\"\n                      style=\"font-size: 1.3rem; font-weight: 500\"\n                      >0<\/span\n                    >\n                    <small>Left Clicks<\/small>\n                  <\/div>\n                <\/div>\n                <div class=\"col-12 col-lg-4\">\n                  <div class=\"card cps-gradient-9 radius-15 p-3\">\n                    <span\n                      id=\"click-count\"\n                      style=\"font-size: 1.3rem; font-weight: 500\"\n                      >0<\/span\n                    >\n                    <small>Total Clicks<\/small>\n                  <\/div>\n                <\/div>\n                <div class=\"col-12 col-lg-4\">\n                  <div class=\"card cps-gradient-1 radius-15 p-3\">\n                    <span\n                      id=\"right-click-count\"\n                      style=\"font-size: 1.3rem; font-weight: 500\"\n                      >0<\/span\n                    >\n                    <small>Right Clicks<\/small>\n                  <\/div>\n                <\/div>\n                <input id=\"cpsTimerInput\" type=\"hidden\" value=\"5\" \/>\n                <input id=\"localStorage1\" type=\"hidden\" value=\"5second\" \/>\n                <input id=\"localStorage2\" type=\"hidden\" value=\"5secSc\" \/>\n              <\/div>\n              <div class=\"card radius-15\" style=\"position: inherit\">\n                <div class=\"btn clicksPerSecondRipple\" id=\"clickarea\">\n                  <button\n                    class=\"cps-gradient-34 radius-15\"\n                    id=\"start\"\n                    type=\"button\"\n                  >\n                    START TEST\n                  <\/button>\n                <\/div>\n              <\/div>\n            <\/div>\n          <\/div>\n        <\/div>\n      <\/div>\n      <div class=\"row\">\n        <div class=\"col-md-6\">\n          <div class=\"left\">Left<\/div>\n        <\/div>\n        <div class=\"col-md-6\">\n          <div class=\"right\">Right<\/div>\n        <\/div>\n      <\/div>\n    <\/div>\n    \n   \n\n<script src=\"\/js\/script.js\"><\/script>\n   \n\t  \n\n\n\n<div style=\"height:30px\" aria-hidden=\"true\" class=\"wp-block-spacer\"><\/div>\n\n\n\n<p>G\u00fcvenilir, t\u0131klamalar\u0131n\u0131za do\u011fru \u015fekilde yan\u0131t veren bir fareye sahip olmak, profesyonel veya ki\u015fisel ihtiya\u00e7lar\u0131n\u0131z ne olursa olsun, \u00e7ok \u00f6nemlidir. Bir fare d\u00fc\u011fmesi testi yapmak, farenizin g\u00f6revi yerine getirebilece\u011fini garanti eder. Bu blog g\u00f6nderisinde, farkl\u0131 fare d\u00fc\u011fmesi testlerine dalaca\u011f\u0131z, fare t\u0131klama becerilerinizi geli\u015ftirmek i\u00e7in ipu\u00e7lar\u0131 payla\u015faca\u011f\u0131z ve bu testleri \u00e7evrimi\u00e7i olarak nas\u0131l ger\u00e7ekle\u015ftirece\u011finizi y\u00f6nlendirece\u011fiz. Haydi ba\u015flayal\u0131m!<\/p>\n\n\n\n<h2 class=\"wp-block-heading\">Fare D\u00fc\u011fmeleri Testi Nedir?<\/h2>\n\n\n\n<p>Fare d\u00fc\u011fmeleri testi, bir bilgisayar faresinin d\u00fc\u011fmelerinin performans\u0131n\u0131, yan\u0131t verme yetene\u011fini ve i\u015flevselli\u011fini de\u011ferlendirmek i\u00e7in kullan\u0131lan bir y\u00f6ntemdir. Bu testler genellikle, fare d\u00fc\u011fmelerinin kullan\u0131c\u0131 giri\u015flerine do\u011fru ve verimli bir \u015fekilde yan\u0131t verdi\u011fini garantilemek i\u00e7in tek t\u0131klama, \u00e7ift t\u0131klama, s\u00fcr\u00fckle ve b\u0131rak ve sa\u011f t\u0131klama i\u015flemlerini de\u011ferlendirmeye odaklan\u0131r. Fare d\u00fc\u011fmesi testleri yaparak, kullan\u0131c\u0131lar fareleriyle ilgili olas\u0131 sorunlar\u0131 belirleyebilir, t\u0131klama becerilerini geli\u015ftirebilir ve genel bilgisayar deneyimlerini geli\u015ftirebilirler.&#8221;<\/p>\n\n\n\n<h3 class=\"wp-block-heading\">Fare D\u00fc\u011fmeleri Testlerinin T\u00fcrleri<\/h3>\n\n\n\n<p><strong>Tek T\u0131klama Testi<\/strong><br>Tek t\u0131klama testi, d\u00fc\u011fme yan\u0131t verme h\u0131z\u0131n\u0131 ve t\u0131klama h\u0131z\u0131n\u0131z\u0131 de\u011ferlendirir. T\u0131klamalar aras\u0131ndaki s\u00fcreyi \u00f6l\u00e7er, b\u00f6ylece farenizin do\u011fru ve h\u0131zl\u0131 bir \u015fekilde yan\u0131t verip vermedi\u011fini belirlemenize yard\u0131mc\u0131 olur. Click Speed Test gibi \u00e7evrimi\u00e7i ara\u00e7lar, tek t\u0131klama testlerini ger\u00e7ekle\u015ftirme konusunda kolay bir yol sa\u011flar ve zaman i\u00e7inde ilerlemenizi takip etmenize olanak tan\u0131r.<\/p>\n\n\n\n<p><strong>\u00c7ift T\u0131klama Testi<br><\/strong>Dosyalar\u0131, klas\u00f6rleri ve uygulamalar\u0131 a\u00e7mak i\u00e7in \u00e7ift t\u0131klama do\u011frulu\u011fu \u00e7ok \u00f6nemlidir. \u00c7ift t\u0131klama testi, ard\u0131\u015f\u0131k t\u0131klamalar\u0131 ger\u00e7ekle\u015ftirme h\u0131z\u0131n\u0131z\u0131 ve tutarl\u0131l\u0131\u011f\u0131n\u0131z\u0131 \u00f6l\u00e7er. Double Click Test gibi \u00e7evrimi\u00e7i platformlar, \u00e7ift t\u0131klama performans\u0131n\u0131z\u0131 \u00f6l\u00e7menize ve geli\u015ftirme alanlar\u0131n\u0131 belirlemenize yard\u0131mc\u0131 olabilir.<\/p>\n\n\n\n<p><strong>S\u00fcr\u00fckle ve B\u0131rak Testi<br><\/strong>S\u00fcr\u00fckle ve b\u0131rak testi, d\u00fc\u011fmenin tutma ve b\u0131rakma do\u011frulu\u011funu, fare hareketlerinizin d\u00fczg\u00fcnl\u00fc\u011f\u00fcn\u00fc ve hassasiyetini de\u011ferlendirir. Bu test, dosyalar\u0131 yeniden d\u00fczenleme, tasar\u0131m uygulamalar\u0131nda nesneleri hareket ettirme veya birden \u00e7ok \u00f6\u011feyi se\u00e7me gibi g\u00f6revler i\u00e7in hayati \u00f6neme sahiptir. Drag and Drop Test gibi \u00e7evrimi\u00e7i kaynaklar, s\u00fcr\u00fckle ve b\u0131rak yeteneklerinizi de\u011ferlendirmek i\u00e7in etkile\u015fimli bir ortam sunar.<\/p>\n\n\n\n<p><strong>Sa\u011f T\u0131klama Testi<br><\/strong>Sa\u011f t\u0131klama testi, farenizin sa\u011f t\u0131klama i\u015flevselli\u011fini ve ba\u011flam men\u00fclerinde etkili bir \u015fekilde gezinme yetene\u011fini de\u011ferlendirir. Right Click Test gibi web siteleri, bu testi ger\u00e7ekle\u015ftirmenin ve sa\u011f t\u0131klama i\u015flemlerinizin do\u011fru ve verimli olup olmad\u0131\u011f\u0131n\u0131 garantilemenin kolay bir yolunu sa\u011flar.<\/p>\n\n\n\n<h3 class=\"wp-block-heading\">Fare T\u0131klama Becerilerini Geli\u015ftirmek \u0130\u00e7in \u0130pu\u00e7lar\u0131<\/h3>\n\n\n\n<p><strong>Do\u011fru Fareyi Se\u00e7me<\/strong><\/p>\n\n\n\n<p>Ergonomik tasar\u0131m: Uzun s\u00fcreli kullan\u0131mda yorgunlu\u011fu ve zorlanmay\u0131 azaltan, elinize rahat\u00e7a oturan bir fare se\u00e7in. Konturlu \u015fekiller, \u00f6zelle\u015ftirilebilir d\u00fc\u011fmeler ve ayarlanabilir avu\u00e7 i\u00e7i dayamalar\u0131 gibi \u00f6zelliklere bak\u0131n.<br>DPI ve hassasiyet ayarlar\u0131: Ayarlanabilir DPI (in\u00e7 ba\u015f\u0131na nokta) ve hassasiyete sahip bir fare, imle\u00e7 h\u0131z\u0131n\u0131 ve hassasiyetini tercihlerinize ve elinizdeki g\u00f6reve dayal\u0131 olarak \u00f6zelle\u015ftirmenize olanak sa\u011flar.<br>D\u00fc\u011fme yerle\u015fimi: Fare t\u0131klama deneyiminizi geli\u015ftirmek i\u00e7in fareye kolayca eri\u015filebilir d\u00fc\u011fmeler ve \u00f6zelle\u015ftirilebilir \u00f6zelliklerin oldu\u011fundan emin olun.<\/p>\n\n\n\n<p><strong>Do\u011fru El Pozisyonlama ve Tutu\u015fu<\/strong><\/p>\n\n\n\n<p>Avu\u00e7 i\u00e7i tutu\u015fu: Bu tutu\u015f tarz\u0131nda, t\u00fcm avu\u00e7 i\u00e7i farenin \u00fczerine oturur, stabilite ve rahatl\u0131k sa\u011flar. Daha yava\u015f, daha hassas hareketleri tercih eden kullan\u0131c\u0131lar i\u00e7in idealdir.<br>Pen\u00e7e tutu\u015fu: Bu tutu\u015f, parmaklar\u0131n\u0131z\u0131 kemerleyerek ve sadece u\u00e7lar\u0131n\u0131 fare d\u00fc\u011fmelerine dayayarak daha h\u0131zl\u0131 t\u0131klama ve artan kontrol sa\u011flar.<br>Parmak ucu tutu\u015fu: Parmak ucu tutu\u015fu, sadece parmak u\u00e7lar\u0131n\u0131z\u0131 fareyi kontrol etmek i\u00e7in kullanmay\u0131 i\u00e7erir, maksimum \u00e7eviklik ve h\u0131z sunar ancak potansiyel olarak daha az stabilite sa\u011flar.<\/p>\n\n\n\n<p><strong>D\u00fczenli Pratik ve Is\u0131nma<\/strong><\/p>\n\n\n\n<p>\u00c7evrimi\u00e7i e\u011fitim platformlar\u0131: clicktester.net ve cps-tester.net gibi web siteleri, fare t\u0131klama becerilerinizi geli\u015ftirmenize yard\u0131mc\u0131 olacak \u00e7e\u015fitli egzersizler ve meydan okumalar sunar.<br>Fare t\u0131klama egzersizleri: Kas haf\u0131zas\u0131n\u0131 geli\u015ftirmek ve t\u0131klama h\u0131z\u0131n\u0131z\u0131 ve do\u011frulu\u011funuzu art\u0131rmak i\u00e7in d\u00fczenli olarak t\u0131klama egzersizlerini pratik yap\u0131n.<br>Tutarl\u0131l\u0131k ve adanm\u0131\u015fl\u0131k: Belirgin bir iyile\u015fme g\u00f6rmek i\u00e7in, hassas fare kontrol\u00fc gerektiren g\u00f6revlere kat\u0131lmadan \u00f6nce pratik yapmaya ve \u0131s\u0131nmaya zaman ay\u0131r\u0131n.<\/p>\n\n\n\n<h3 class=\"wp-block-heading\">Sonu\u00e7<\/h3>\n\n\n\n<p><br>Online platformlar\u0131 kullanarak fare d\u00fc\u011fme testleri ger\u00e7ekle\u015ftirmek, fare performans\u0131n\u0131z\u0131 de\u011ferlendirmenin ve iyile\u015ftirmenin m\u00fckemmel bir yoludur. Farkl\u0131 test t\u00fcrlerini anlayarak, do\u011fru fareyi se\u00e7erek, rahat bir tutu\u015f benimseyerek ve d\u00fczenli olarak pratik yaparak, genel bilgisayar deneyiminizi art\u0131rabilir ve verimlili\u011fi art\u0131rabilirsiniz. Mutlu t\u0131klamalar!<\/p>\n\n\n\n<h3 class=\"wp-block-heading\">S\u0131k\u00e7a Sorulan Sorular<\/h3>\n\n\n\n<p><strong>S1: Ne s\u0131kl\u0131kla fare d\u00fc\u011fme testi yapmal\u0131y\u0131m?<\/strong><\/p>\n\n\n\n<p>C: Fare d\u00fc\u011fme testlerinin s\u0131kl\u0131\u011f\u0131, ihtiya\u00e7lar\u0131n\u0131za ve tercihlerinize ba\u011fl\u0131d\u0131r. E\u011fer rekabet\u00e7i bir oyuncuysan\u0131z veya fare do\u011frulu\u011funa a\u011f\u0131r bir \u015fekilde ba\u011f\u0131ml\u0131 olan bir profesyonelseniz, testleri daha s\u0131k, haftada bir veya hatta her g\u00fcn yapmak isteyebilirsiniz. Casual kullan\u0131c\u0131lar i\u00e7in, her ay bir kez veya fare performans\u0131nda de\u011fi\u015fiklikler fark etti\u011finizde bir test yapmak yeterli olmal\u0131d\u0131r.<\/p>\n\n\n\n<p><strong>S2: Fare d\u00fc\u011fme testleri, donan\u0131m sorunlar\u0131n\u0131 te\u015fhis etmeye yard\u0131mc\u0131 olabilir mi?<\/strong><\/p>\n\n\n\n<p>C: Evet, fare d\u00fc\u011fme testleri, yan\u0131t vermeyen veya a\u015f\u0131nm\u0131\u015f d\u00fc\u011fmeler, sens\u00f6r problemleri veya ba\u011flant\u0131 sorunlar\u0131 gibi potansiyel donan\u0131m sorunlar\u0131n\u0131 belirlemeye yard\u0131mc\u0131 olabilir. Testler s\u0131ras\u0131nda s\u00fcrekli olarak d\u00fc\u015f\u00fck performans g\u00f6zlemlerseniz, bu, farenizi tamir etmeyi veya y\u00fckseltmeyi d\u00fc\u015f\u00fcnmeniz gerekti\u011fini g\u00f6sterebilir.<\/p>\n\n\n\n<p><strong>S3: Fare d\u00fc\u011fme testleri, kablosuz farelerle \u00e7al\u0131\u015f\u0131r m\u0131?<\/strong><\/p>\n\n\n\n<p>C: Evet, fare d\u00fc\u011fme testleri hem kablolu hem de kablosuz farelerle \u00e7al\u0131\u015f\u0131r. Ancak, kablosuz farelerin hafif bir gecikme veya parazit ya\u015fayabilece\u011fini unutmay\u0131n, bu da test sonu\u00e7lar\u0131n\u0131 etkileyebilir. Bir test ger\u00e7ekle\u015ftirmeden \u00f6nce kablosuz farenin g\u00fc\u00e7l\u00fc bir ba\u011flant\u0131ya sahip oldu\u011fundan ve pilinin tamamen \u015farj oldu\u011fundan emin olun.<\/p>\n\n\n\n<p><strong>S4: Fare d\u00fc\u011fme testlerini oyun performans\u0131m\u0131 iyile\u015ftirmek i\u00e7in kullanabilir miyim?<\/strong><\/p>\n\n\n\n<p>C: Kesinlikle! D\u00fczenli olarak fare d\u00fc\u011fme testleri yapmak ve t\u0131klama becerilerinizi pratik yapmak, h\u0131zl\u0131 tempolu, rekabet\u00e7i oyunlarda h\u0131zl\u0131 refleksler ve hassas ni\u015fan gerektiren oyun performans\u0131n\u0131z\u0131 iyile\u015ftirmeye yard\u0131mc\u0131 olabilir.<\/p>\n\n\n\n<p><strong>S5: Fare d\u00fc\u011fme testinin sonu\u00e7lar\u0131n\u0131 hangi fakt\u00f6rler etkileyebilir?<\/strong><\/p>\n\n\n\n<p>C: Birka\u00e7 fakt\u00f6r fare d\u00fc\u011fme testi sonu\u00e7lar\u0131n\u0131 etkileyebilir, bunlar aras\u0131nda fare kalitesi, hassasiyet ayarlar\u0131, y\u00fczey malzemesi, tutu\u015f stili, el boyutu ve kullan\u0131c\u0131 deneyimi bulunmaktad\u0131r. Do\u011fru test sonu\u00e7lar\u0131 i\u00e7in, y\u00fcksek kaliteli bir fare kullan\u0131n, hassasiyet ayarlar\u0131n\u0131 tercihinize g\u00f6re ayarlay\u0131n ve do\u011fru el pozisyonland\u0131rma ve tutu\u015f tekniklerini uygulay\u0131n.<\/p>\n\n\n\n<p><strong>S6: Fare d\u00fc\u011fme testleri d\u0131\u015f\u0131nda fare performans\u0131n\u0131 iyile\u015ftirmenin ba\u015fka yollar\u0131 var m\u0131?<\/strong><\/p>\n\n\n\n<p>C: Evet, fare performans\u0131n\u0131 iyile\u015ftirmenin birka\u00e7 ek yolu vard\u0131r. Bunlar aras\u0131nda:<br>Farenizi d\u00fczenli olarak temizleyerek sens\u00f6rden ve d\u00fc\u011fmelerden toz ve enkaz\u0131 kald\u0131r\u0131n.<br>Optimal izleme i\u00e7in tasarlanm\u0131\u015f y\u00fcksek kaliteli bir mouse pad veya y\u00fczey kullan\u0131n.<br>Bilgisayar\u0131n\u0131z\u0131n yaz\u0131l\u0131m\u0131n\u0131 ve s\u00fcr\u00fcc\u00fclerini g\u00fcncel ve g\u00fcncellenmi\u015f tutun.<br>Bilgisayar\u0131n\u0131z\u0131n kontrol panelinde veya \u00fcretici taraf\u0131ndan sa\u011flanan yaz\u0131l\u0131mla fare ayarlar\u0131n\u0131 \u00f6zelle\u015ftirin.<\/p>\n\n\n\n<p><\/p>\n","protected":false},"excerpt":{"rendered":"<p>Fare Testi &#8211; Fare d\u00fc\u011fmesi testi Fare d\u00fc\u011fmeleri testlerinin \u00f6nemini ke\u015ffedin, farenizin performans\u0131n\u0131 ve yan\u0131t verme yetene\u011fini nas\u0131l de\u011ferlendirdiklerini \u00f6\u011frenin. G\u00fcvenilir, t\u0131klamalar\u0131n\u0131za do\u011fru \u015fekilde yan\u0131t veren bir fareye sahip olmak, profesyonel veya ki\u015fisel ihtiya\u00e7lar\u0131n\u0131z ne olursa olsun, \u00e7ok \u00f6nemlidir. Bir fare d\u00fc\u011fmesi testi yapmak, farenizin g\u00f6revi yerine getirebilece\u011fini garanti eder. Bu blog g\u00f6nderisinde, farkl\u0131 fare &#8230; <a title=\"Fare Testi\" class=\"read-more\" href=\"https:\/\/clicktester.net\/tr\/fare-testi\/\" aria-label=\"More on Fare Testi\">Read more<\/a><\/p>\n","protected":false},"author":1,"featured_media":0,"parent":0,"menu_order":0,"comment_status":"closed","ping_status":"closed","template":"","meta":{"_kad_blocks_custom_css":"","_kad_blocks_head_custom_js":"","_kad_blocks_body_custom_js":"","_kad_blocks_footer_custom_js":"","footnotes":""},"class_list":["post-340","page","type-page","status-publish"],"yoast_head":"<!-- This site is optimized with the Yoast SEO plugin v27.5 - https:\/\/yoast.com\/product\/yoast-seo-wordpress\/ -->\n<title>Fare Testi - Fare d\u00fc\u011fmesi testi - Click Tester<\/title>\n<meta name=\"description\" content=\"Fare d\u00fc\u011fmeleri testlerinin \u00f6nemini ke\u015ffedin, farenizin performans\u0131n\u0131 ve yan\u0131t verme yetene\u011fini nas\u0131l de\u011ferlendirdiklerini \u00f6\u011frenin.\" \/>\n<meta name=\"robots\" content=\"index, follow, max-snippet:-1, max-image-preview:large, max-video-preview:-1\" \/>\n<link rel=\"canonical\" href=\"https:\/\/clicktester.net\/tr\/fare-testi\/\" \/>\n<meta property=\"og:locale\" content=\"en_US\" \/>\n<meta property=\"og:type\" content=\"article\" \/>\n<meta property=\"og:title\" content=\"Fare Testi - Fare d\u00fc\u011fmesi testi - Click Tester\" \/>\n<meta property=\"og:description\" content=\"Fare d\u00fc\u011fmeleri testlerinin \u00f6nemini ke\u015ffedin, farenizin performans\u0131n\u0131 ve yan\u0131t verme yetene\u011fini nas\u0131l de\u011ferlendirdiklerini \u00f6\u011frenin.\" \/>\n<meta property=\"og:url\" content=\"https:\/\/clicktester.net\/tr\/fare-testi\/\" \/>\n<meta property=\"og:site_name\" content=\"Click Tester\" \/>\n<meta property=\"article:modified_time\" content=\"2023-06-21T15:42:29+00:00\" \/>\n<meta name=\"twitter:card\" content=\"summary_large_image\" \/>\n<meta name=\"twitter:label1\" content=\"Est. reading time\" \/>\n\t<meta name=\"twitter:data1\" content=\"5 minutes\" \/>\n<script type=\"application\/ld+json\" class=\"yoast-schema-graph\">{\"@context\":\"https:\\\/\\\/schema.org\",\"@graph\":[{\"@type\":\"WebPage\",\"@id\":\"https:\\\/\\\/clicktester.net\\\/tr\\\/fare-testi\\\/\",\"url\":\"https:\\\/\\\/clicktester.net\\\/tr\\\/fare-testi\\\/\",\"name\":\"Fare Testi - Fare d\u00fc\u011fmesi testi - Click Tester\",\"isPartOf\":{\"@id\":\"https:\\\/\\\/clicktester.net\\\/tr\\\/#website\"},\"datePublished\":\"2023-04-20T08:46:56+00:00\",\"dateModified\":\"2023-06-21T15:42:29+00:00\",\"description\":\"Fare d\u00fc\u011fmeleri testlerinin \u00f6nemini ke\u015ffedin, farenizin performans\u0131n\u0131 ve yan\u0131t verme yetene\u011fini nas\u0131l de\u011ferlendirdiklerini \u00f6\u011frenin.\",\"breadcrumb\":{\"@id\":\"https:\\\/\\\/clicktester.net\\\/tr\\\/fare-testi\\\/#breadcrumb\"},\"inLanguage\":\"en-US\",\"potentialAction\":[{\"@type\":\"ReadAction\",\"target\":[\"https:\\\/\\\/clicktester.net\\\/tr\\\/fare-testi\\\/\"]}]},{\"@type\":\"BreadcrumbList\",\"@id\":\"https:\\\/\\\/clicktester.net\\\/tr\\\/fare-testi\\\/#breadcrumb\",\"itemListElement\":[{\"@type\":\"ListItem\",\"position\":1,\"name\":\"Home\",\"item\":\"https:\\\/\\\/clicktester.net\\\/tr\\\/\"},{\"@type\":\"ListItem\",\"position\":2,\"name\":\"Fare Testi\"}]},{\"@type\":\"WebSite\",\"@id\":\"https:\\\/\\\/clicktester.net\\\/tr\\\/#website\",\"url\":\"https:\\\/\\\/clicktester.net\\\/tr\\\/\",\"name\":\"Click Tester\",\"description\":\"Test Your Click Speed\",\"publisher\":{\"@id\":\"https:\\\/\\\/clicktester.net\\\/tr\\\/#organization\"},\"potentialAction\":[{\"@type\":\"SearchAction\",\"target\":{\"@type\":\"EntryPoint\",\"urlTemplate\":\"https:\\\/\\\/clicktester.net\\\/tr\\\/?s={search_term_string}\"},\"query-input\":{\"@type\":\"PropertyValueSpecification\",\"valueRequired\":true,\"valueName\":\"search_term_string\"}}],\"inLanguage\":\"en-US\"},{\"@type\":\"Organization\",\"@id\":\"https:\\\/\\\/clicktester.net\\\/tr\\\/#organization\",\"name\":\"Click Tester\",\"url\":\"https:\\\/\\\/clicktester.net\\\/tr\\\/\",\"logo\":{\"@type\":\"ImageObject\",\"inLanguage\":\"en-US\",\"@id\":\"https:\\\/\\\/clicktester.net\\\/tr\\\/#\\\/schema\\\/logo\\\/image\\\/\",\"url\":\"https:\\\/\\\/clicktester.net\\\/tr\\\/wp-content\\\/uploads\\\/2023\\\/03\\\/click-tester-2.png\",\"contentUrl\":\"https:\\\/\\\/clicktester.net\\\/tr\\\/wp-content\\\/uploads\\\/2023\\\/03\\\/click-tester-2.png\",\"width\":350,\"height\":70,\"caption\":\"Click Tester\"},\"image\":{\"@id\":\"https:\\\/\\\/clicktester.net\\\/tr\\\/#\\\/schema\\\/logo\\\/image\\\/\"}}]}<\/script>\n<!-- \/ Yoast SEO plugin. -->","yoast_head_json":{"title":"Fare Testi - Fare d\u00fc\u011fmesi testi - Click Tester","description":"Fare d\u00fc\u011fmeleri testlerinin \u00f6nemini ke\u015ffedin, farenizin performans\u0131n\u0131 ve yan\u0131t verme yetene\u011fini nas\u0131l de\u011ferlendirdiklerini \u00f6\u011frenin.","robots":{"index":"index","follow":"follow","max-snippet":"max-snippet:-1","max-image-preview":"max-image-preview:large","max-video-preview":"max-video-preview:-1"},"canonical":"https:\/\/clicktester.net\/tr\/fare-testi\/","og_locale":"en_US","og_type":"article","og_title":"Fare Testi - Fare d\u00fc\u011fmesi testi - Click Tester","og_description":"Fare d\u00fc\u011fmeleri testlerinin \u00f6nemini ke\u015ffedin, farenizin performans\u0131n\u0131 ve yan\u0131t verme yetene\u011fini nas\u0131l de\u011ferlendirdiklerini \u00f6\u011frenin.","og_url":"https:\/\/clicktester.net\/tr\/fare-testi\/","og_site_name":"Click Tester","article_modified_time":"2023-06-21T15:42:29+00:00","twitter_card":"summary_large_image","twitter_misc":{"Est. reading time":"5 minutes"},"schema":{"@context":"https:\/\/schema.org","@graph":[{"@type":"WebPage","@id":"https:\/\/clicktester.net\/tr\/fare-testi\/","url":"https:\/\/clicktester.net\/tr\/fare-testi\/","name":"Fare Testi - Fare d\u00fc\u011fmesi testi - Click Tester","isPartOf":{"@id":"https:\/\/clicktester.net\/tr\/#website"},"datePublished":"2023-04-20T08:46:56+00:00","dateModified":"2023-06-21T15:42:29+00:00","description":"Fare d\u00fc\u011fmeleri testlerinin \u00f6nemini ke\u015ffedin, farenizin performans\u0131n\u0131 ve yan\u0131t verme yetene\u011fini nas\u0131l de\u011ferlendirdiklerini \u00f6\u011frenin.","breadcrumb":{"@id":"https:\/\/clicktester.net\/tr\/fare-testi\/#breadcrumb"},"inLanguage":"en-US","potentialAction":[{"@type":"ReadAction","target":["https:\/\/clicktester.net\/tr\/fare-testi\/"]}]},{"@type":"BreadcrumbList","@id":"https:\/\/clicktester.net\/tr\/fare-testi\/#breadcrumb","itemListElement":[{"@type":"ListItem","position":1,"name":"Home","item":"https:\/\/clicktester.net\/tr\/"},{"@type":"ListItem","position":2,"name":"Fare Testi"}]},{"@type":"WebSite","@id":"https:\/\/clicktester.net\/tr\/#website","url":"https:\/\/clicktester.net\/tr\/","name":"Click Tester","description":"Test Your Click Speed","publisher":{"@id":"https:\/\/clicktester.net\/tr\/#organization"},"potentialAction":[{"@type":"SearchAction","target":{"@type":"EntryPoint","urlTemplate":"https:\/\/clicktester.net\/tr\/?s={search_term_string}"},"query-input":{"@type":"PropertyValueSpecification","valueRequired":true,"valueName":"search_term_string"}}],"inLanguage":"en-US"},{"@type":"Organization","@id":"https:\/\/clicktester.net\/tr\/#organization","name":"Click Tester","url":"https:\/\/clicktester.net\/tr\/","logo":{"@type":"ImageObject","inLanguage":"en-US","@id":"https:\/\/clicktester.net\/tr\/#\/schema\/logo\/image\/","url":"https:\/\/clicktester.net\/tr\/wp-content\/uploads\/2023\/03\/click-tester-2.png","contentUrl":"https:\/\/clicktester.net\/tr\/wp-content\/uploads\/2023\/03\/click-tester-2.png","width":350,"height":70,"caption":"Click Tester"},"image":{"@id":"https:\/\/clicktester.net\/tr\/#\/schema\/logo\/image\/"}}]}},"taxonomy_info":[],"featured_image_src_large":false,"author_info":{"display_name":"Scout","author_link":"https:\/\/clicktester.net\/tr\/author\/admin\/"},"comment_info":0,"_links":{"self":[{"href":"https:\/\/clicktester.net\/tr\/wp-json\/wp\/v2\/pages\/340","targetHints":{"allow":["GET"]}}],"collection":[{"href":"https:\/\/clicktester.net\/tr\/wp-json\/wp\/v2\/pages"}],"about":[{"href":"https:\/\/clicktester.net\/tr\/wp-json\/wp\/v2\/types\/page"}],"author":[{"embeddable":true,"href":"https:\/\/clicktester.net\/tr\/wp-json\/wp\/v2\/users\/1"}],"replies":[{"embeddable":true,"href":"https:\/\/clicktester.net\/tr\/wp-json\/wp\/v2\/comments?post=340"}],"version-history":[{"count":10,"href":"https:\/\/clicktester.net\/tr\/wp-json\/wp\/v2\/pages\/340\/revisions"}],"predecessor-version":[{"id":387,"href":"https:\/\/clicktester.net\/tr\/wp-json\/wp\/v2\/pages\/340\/revisions\/387"}],"wp:attachment":[{"href":"https:\/\/clicktester.net\/tr\/wp-json\/wp\/v2\/media?parent=340"}],"curies":[{"name":"wp","href":"https:\/\/api.w.org\/{rel}","templated":true}]}}