{"id":189,"date":"2023-03-31T08:44:48","date_gmt":"2023-03-31T08:44:48","guid":{"rendered":"https:\/\/clicktester.net\/?page_id=189"},"modified":"2023-06-16T12:14:22","modified_gmt":"2023-06-16T12:14:22","slug":"jitter-klicktest","status":"publish","type":"page","link":"https:\/\/clicktester.net\/de\/jitter-klicktest\/","title":{"rendered":"Jitter KlickTest"},"content":{"rendered":"\n<h1 class=\"wp-block-heading has-text-align-center\">Jitter KlickTest<\/h1>\n\n\n\n<p>Verbessern Sie Ihre Gaming-Leistung mit dem Jitter Klick-Test. Entdecken Sie die besten Techniken, Tipps und h\u00e4ufig gestellte Fragen, um Ihre Klickgeschwindigkeit heute zu verbessern!<\/p>\n\n\n <link href=\"\/js\/newoutput.56c1953f3e31.css\" rel=\"stylesheet\" type=\"text\/css\" \/>\r\n  \r\n             <div class=\"row\">\r\n\t\t\t\t\t<div class=\"card radius-15\" style=\"position: inherit;\">\r\n\t\t\t\t\t\t<div class=\"row\">\r\n\t\t\t\t\t\t\t<div class=\"col-md-8 mt-3\">\r\n\t\t\t\t\t\t\t\t<div class=\"col-12 col-lg-12 col-xl-12\">\r\n\t\t\t\t\t\t\t\t\t<div class=\"row text-center\">\r\n\t\t\t\t\t\t\t\t\t\t<div class=\"col-12 col-lg-4\">\r\n\t\t\t\t\t\t\t\t\t\t\t<div class=\"card cps-gradient-16 radius-15 p-3\"><span id=\"clicks\" style=\"font-size: 1.3rem; font-weight: 500;\">0<\/span> <small>CPS<\/small><\/div>\r\n\t\t\t\t\t\t\t\t\t\t<\/div>\r\n\t\t\t\t\t\t\t\t\t\t<div class=\"col-12 col-lg-4\">\r\n\t\t\t\t\t\t\t\t\t\t\t<div class=\"card cps-gradient-9 radius-15 p-3\"><span id=\"score\" style=\"font-size: 1.3rem; font-weight: 500;\">0<\/span> <small>Score<\/small><\/div>\r\n\t\t\t\t\t\t\t\t\t\t<\/div>\r\n\t\t\t\t\t\t\t\t\t\t<div class=\"col-12 col-lg-4\">\r\n\t\t\t\t\t\t\t\t\t\t\t<div class=\"card cps-gradient-1 radius-15 p-3\"><span id=\"timer\" style=\"font-size: 1.3rem; font-weight: 500;\">0<\/span> <small>Timer<\/small><\/div>\r\n\t\t\t\t\t\t\t\t\t\t<\/div>\r\n\t\t\t\t\t\t\t\t\t\t<input id=\"cpsTimerInput\" type=\"hidden\" value=\"10\" \/>\r\n\t\t\t\t\t\t\t\t\t\t<input id=\"localStorage1\" type=\"hidden\" value=\"jittersecond\" \/>\r\n\t\t\t\t\t\t\t\t\t\t<input id=\"localStorage2\" type=\"hidden\" value=\"jittersecSc\" \/>\r\n\t\t\t\t\t\t\t\t\t<\/div>\r\n\t\t\t\t\t\t\t\t\t<div class=\"card radius-15\" style=\"position: inherit;\">\r\n\t\t\t\t\t\t\t\t\t\t<div class=\"btn clicksPerSecondRipple\" id=\"clickarea\">\r\n\t\t\t\t\t\t\t\t\t\t\t<button class=\"cps-gradient-27 radius-15\" id=\"start\" type=\"button\">START JITTER TEST<\/button>\r\n\t\t\t\t\t\t\t\t\t\t<\/div>\r\n\t\t\t\t\t\t\t\t\t<\/div>\r\n\t\t\t\t\t\t\t\t<\/div>\r\n\t\t\t\t\t\t\t<\/div>\r\n\t\t\t\t\t\t\t<\/div>\r\n\t\t\t\t\t\t<div aria-hidden=\"true\" class=\"modal fade show\" id=\"clickspersecondtestmodal\" style=\"display: none;\">\r\n\t\t\t\t\t\t\t<div class=\"modal-dialog modal-lg\">\r\n\t\t\t\t\t\t\t\t<div class=\"modal-content radius-15 cps-gradient-10\">\r\n\t\t\t\t\t\t\t\t\t<div class=\"modal-header px-3\">\r\n\t\t\t\t\t\t\t\t\t\t<div class=\"modal-title\" style=\"font-size: 24px;\">Result<\/div>\r\n\t\t\t\t\t\t\t\t\t\t<button aria-label=\"close\" class=\"btn btn-light\" data-bs-dismiss=\"modal\" type=\"button\"><span aria-hidden=\"true\">X<\/span><\/button>\r\n\t\t\t\t\t\t\t\t\t<\/div>\r\n\t\t\t\t\t\t\t\t\t<div class=\"col-12 col-lg-12 col-xl-12 radius-15 px-3\">\r\n\t\t\t\t\t\t\t\t\t\t<div class=\"card radius-15 mt-3\">\r\n\t\t\t\t\t\t\t\t\t\t\t<div class=\"card-body radius-15\">\r\n\t\t\t\t\t\t\t\t\t\t\t\t<div class=\"row row-group align-items-center\">\r\n\t\t\t\t\t\t\t\t\t\t\t\t\t<div class=\"col-12 col-lg-8 text-center p-3\">\r\n\t\t\t\t\t\t\t\t\t\t\t\t\t\t<div style=\"font-size: 30px;\">You\u2019re a <b style=\"color: yellow;\"><i id=\"rankname\"><\/i><\/b><\/div>\r\n\t\t\t\t\t\t\t\t\t\t\t\t\t\t<div id=\"rankratings\"><\/div>\r\n\t\t\t\t\t\t\t\t\t\t\t\t\t\t<div class=\"col-12 col-lg-12 col-xl-12 radius-15 px-3\">\r\n\t\t\t\t\t\t\t\t\t\t\t\t\t\t\t<div class=\"card-body cps-gradient-9 radius-15 mt-3\">\r\n\t\t\t\t\t\t\t\t\t\t\t\t\t\t\t\t<div style=\"font-size: 20px;\">Your clicking speed is <b style=\"font-size: 25px; color: yellow;\"><span class=\"cscore\"><\/span> CPS<\/b><\/div>\r\n\t\t\t\t\t\t\t\t\t\t\t\t\t\t\t\t<div style=\"font-size: 20px;\">You made <b style=\"font-size: 25px; color: yellow;\"><span class=\"sscore\"><\/span> Clicks<\/b> in <b style=\"font-size: 25px; color: yellow;\"><span class=\"time\"><\/span> Seconds<\/b><\/div>\r\n\t\t\t\t\t\t\t\t\t\t\t\t\t\t\t<\/div>\r\n\t\t\t\t\t\t\t\t\t\t\t\t\t\t<\/div>\r\n\t\t\t\t\t\t\t\t\t\t\t\t\t<\/div>\r\n\t\t\t\t\t\t\t\t\t\t\t\t\t<div class=\"col-12 col-lg-4 text-center p-3\" id=\"rankimage\"><\/div>\r\n\t\t\t\t\t\t\t\t\t\t\t\t<\/div>\r\n\t\t\t\t\t\t\t\t\t\t\t\t<hr\/>\r\n\t\t\t\t\t\t\t\t\t\t\t\t<div class=\"text-center\" style=\"font-size: 20px;\"><b id=\"ranktext\">Stop feeling sorry for yourself, don't be a looser.<\/b><\/div>\r\n\t\t\t\t\t\t\t\t\t\t\t<\/div>\r\n\t\t\t\t\t\t\t\t\t\t<\/div>\r\n\t\t\t\t\t\t\t\t\t<\/div>\r\n\t\t\t\t\t\t\t\t\t<div class=\"row text-center\">\r\n\t\t\t\t\t\t\t\t\t\t<div class=\"col-md-12\">\r\n\t\t\t\t\t\t\t\t\t\t\t<button aria-label=\"close\" class=\"cps-gradient-9 btn btn-lg\" data-bs-dismiss=\"modal\" type=\"button\"><span aria-hidden=\"true\"><b>TRY AGAIN<\/b><\/span><\/button>\r\n\t\t\t\t\t\t\t\t\t\t\t<hr\/>\r\n\t\t\t\t\t\t\t\t\t\t\t<div class=\"row m-3\">\r\n\t\t\t\t\t\t\t\t\t\t\t\t<div style=\"font-size: 20px;\">Try Next Challenges!<\/div>\r\n\t\t\t\t\t\t\t\t\t\t\t\t<div class=\"container-fluid\">\r\n\t\t\t\t\t\t\t\t\t\t\t\t\t<div class=\"row mt-3\">\r\n\t\t\t\t\t\t\t\t\t\t\t\t\t\t<div class=\"col-12 col-lg-6 col-xl-6\">\r\n\t\t\t\t\t\t\t\t\t\t\t\t\t\t\t<div class=\"card cps-gradient-9 btn-hand radius-15\">\r\n\t\t\t\t\t\t\t\t\t\t\t\t\t\t\t\t<a href=\"clicktester.net\">\r\n\t\t\t\t\t\t\t\t\t\t\t\t\t\t\t\t\t<div class=\"card-body p-2\"><span style=\"font-size: 1rem; font-weight: 400;\">CPS Test<\/span><\/div>\r\n\t\t\t\t\t\t\t\t\t\t\t\t\t\t\t\t<\/a>\r\n\t\t\t\t\t\t\t\t\t\t\t\t\t\t\t<\/div>\r\n\t\t\t\t\t\t\t\t\t\t\t\t\t\t<\/div>\r\n\t\t\t\t\t\t\t\t\t\t\t\t\t\t<div class=\"col-12 col-lg-6 col-xl-6\">\r\n\t\t\t\t\t\t\t\t\t\t\t\t\t\t\t<div class=\"card cps-gradient-16 btn-hand radius-15\">\r\n\t\t\t\t\t\t\t\t\t\t\t\t\t\t\t\t<a href=\"\/kohi-click-test\">\r\n\t\t\t\t\t\t\t\t\t\t\t\t\t\t\t\t\t<div class=\"card-body p-2\"><span style=\"font-size: 1rem; font-weight: 400;\">Kohi Click Test<\/span><\/div>\r\n\t\t\t\t\t\t\t\t\t\t\t\t\t\t\t\t<\/a>\r\n\t\t\t\t\t\t\t\t\t\t\t\t\t\t\t<\/div>\r\n\t\t\t\t\t\t\t\t\t\t\t\t\t\t<\/div>\r\n\t\t\t\t\t\t\t\t\t\t\t\t\t<\/div>\r\n\t\t\t\t\t\t\t\t\t\t\t\t<\/div>\r\n\t\t\t\t\t\t\t\t\t\t\t<\/div>\r\n\t\t\t\t\t\t\t\t\t\t<\/div>\r\n\t\t\t\t\t\t\t\t\t<\/div>\r\n\t\t\t\t\t\t\t\t<\/div>\r\n\t\t\t\t\t\t\t<\/div>\r\n\t\t\t\t\t\t<\/div>\r\n\t\t\t\t\t<\/div>\r\n\t\t\t\t<\/div>\r\n         \r\n   \r\n<script src=\"\/js\/output.574e65e6155e.js\"><\/script>\r\n    <script src=\"\/js\/clickspersecond.js\"><\/script>\r\n\t  \n\n\n\n<hr class=\"wp-block-separator has-alpha-channel-opacity\"\/>\n\n\n\n<p>M\u00f6chtest du deine Klickgeschwindigkeit verbessern und zum Pro-Gamer werden? Der Jitter Klick-Test ist ein beliebtes Online-Tool, mit dem du deine Klicks pro Sekunde (CPS) messen und deine Klickf\u00e4higkeiten trainieren kannst. Die Kunst des Jitter-Clickens kann dir in Spielen wie Minecraft, Fortnite und Roblox, in denen ein schnelles Klicken entscheidend ist, einen Wettbewerbsvorteil verleihen.<\/p>\n\n\n\n<h2 class=\"wp-block-heading\"><strong>Was ist Jitter-Clicken?<\/strong><\/h2>\n\n\n\n<p>Jitter-Clicken ist eine Technik, die von Gamern verwendet wird, um hohe Klickgeschwindigkeiten zu erreichen, indem sie ihre Finger schnell an- und entspannen, um den Mausknopf zu dr\u00fccken. Diese Methode kann im Vergleich zum traditionellen Klicken zu h\u00f6heren Klickraten f\u00fchren und Gamern einen Vorteil in klickintensiven Spielen verleihen.<\/p>\n\n\n\n<h2 class=\"wp-block-heading\"><strong>Wie man den Jitter Klick-Test ausf\u00fchrt?<\/strong><\/h2>\n\n\n\n<p><strong>Finde eine zuverl\u00e4ssige Jitter Klick-Test-Website:<\/strong> Viele Online-Plattformen bieten Jitter Klick-Tests an. W\u00e4hle eine seri\u00f6se Site, um genaue Ergebnisse und eine reibungslose Benutzererfahrung zu gew\u00e4hrleisten.<\/p>\n\n\n\n<p><strong>Vorbereite deine Maus: <\/strong>Stelle sicher, dass deine Maus richtig funktioniert und auf einer stabilen Oberfl\u00e4che platziert ist.<\/p>\n\n\n\n<p><strong>Justiere deine Hand: <\/strong>Stelle deine Hand auf die Maus, so dass dein Zeigefinger bequem auf dem linken Mausknopf ruht. Einige Gamer bevorzugen die Verwendung ihres Mittelfingers, w\u00e4hle also das, was f\u00fcr dich am bequemsten ist.<\/p>\n\n\n\n<p><strong>Beginne mit dem Klicken: <\/strong>Spanne und entspanne deinen Finger schnell auf dem Mausknopf, um ihn zum Jitter-Clicken zu bringen. Halte einen konsistenten Rhythmus bei, um die h\u00f6chste CPS zu erreichen.<\/p>\n\n\n\n<p><strong>Messen Sie Ihre Ergebnisse: <\/strong>Nach Abschluss des Tests wird die Website Ihre CPS-Punktzahl anzeigen. Vergleichen Sie Ihre Ergebnisse mit anderen Gamern und verfolgen Sie Ihren Fortschritt im Laufe der Zeit.<\/p>\n\n\n\n<h2 class=\"wp-block-heading has-text-align-center\"><strong>Jitter KlickTest H\u00e4ufig gestellte Fragen<\/strong><\/h2>\n\n\n\n<p><strong>Ist Jitter-Clicken schlecht f\u00fcr deine Maus?<\/strong><\/p>\n\n\n\n<p>Jitter-Clicken kann deine Maus schneller abnutzen, da es zu erh\u00f6htem Druck und schnellem Klicken kommt. Es ist wichtig, eine robuste Gaming-Maus zu verwenden,die f\u00fcr hohe Klickraten ausgelegt ist.<\/p>\n\n\n\n<p><strong>Kann Jitter-Clicken Verletzungen verursachen? <\/strong><\/p>\n\n\n\n<p>Bei l\u00e4ngerem Jitter-Clicken kann es zu repetitivem Stress und Verletzungen wie dem Karpaltunnelsyndrom kommen. Es ist wichtig, regelm\u00e4\u00dfige Pausen einzulegen und eine korrekte Handhaltung beizubehalten, um das Risiko zu minimieren.<\/p>\n\n\n\n<p><strong>Was ist ein guter CPS-Score im Jitter Klick-Test? <\/strong><\/p>\n\n\n\n<p>Ein CPS-Score von 6-8 gilt als durchschnittlich, w\u00e4hrend alles \u00fcber 10 als schnell gilt. Profi-Gamer k\u00f6nnen CPS-Scores von 15 oder h\u00f6her erreichen.<\/p>\n\n\n\n<p><strong>Wie kann ich meine Jitter-Clicking-Geschwindigkeit verbessern? <\/strong><\/p>\n\n\n\n<p>Konstantes \u00dcben ist der Schl\u00fcssel zur Verbesserung deiner Jitter-Clicking-Geschwindigkeit. Du kannst auch verschiedene Handpositionen, Fingertechniken und Mausgriffe ausprobieren, um herauszufinden, was am besten f\u00fcr dich funktioniert.<\/p>\n\n\n\n<p><strong>Gibt es Alternativen zum Jitter-Clicken? <\/strong><\/p>\n\n\n\n<p>Ja, andere Klicktechniken wie das Butterfly-Clicken und Drag-Clicken k\u00f6nnen ebenfalls hohe Klickraten erreichen. Jede Technik erfordert jedoch \u00dcbung, um sie zu beherrschen.<\/p>\n\n\n\n<h3 class=\"wp-block-heading\"><strong>Schlussfolgerung<\/strong><\/h3>\n\n\n\n<p>Der Jitter Klick-Test ist ein fantastisches Werkzeug f\u00fcr Gamer, die ihre Klickgeschwindigkeit verbessern und einen Wettbewerbsvorteil erlangen m\u00f6chten. Mit konstantem \u00dcben und der richtigen Technik kannst du deine CPS-Punktzahl erh\u00f6hen und ein beeindruckender Spieler in deinen Lieblingsspielen werden. Vergiss nicht, Pausen einzulegen und eine korrekte Handhaltung beizubehalten, um Verletzungen durch Stress zu vermeiden. Viel Spa\u00df beim Klicken!<\/p>\n","protected":false},"excerpt":{"rendered":"<p>Jitter KlickTest Verbessern Sie Ihre Gaming-Leistung mit dem Jitter Klick-Test. Entdecken Sie die besten Techniken, Tipps und h\u00e4ufig gestellte Fragen, um Ihre Klickgeschwindigkeit heute zu verbessern! M\u00f6chtest du deine Klickgeschwindigkeit verbessern und zum Pro-Gamer werden? Der Jitter Klick-Test ist ein beliebtes Online-Tool, mit dem du deine Klicks pro Sekunde (CPS) messen und deine Klickf\u00e4higkeiten trainieren &#8230; <a title=\"Jitter KlickTest\" class=\"read-more\" href=\"https:\/\/clicktester.net\/de\/jitter-klicktest\/\" aria-label=\"Read more about Jitter KlickTest\">Read more<\/a><\/p>\n","protected":false},"author":1,"featured_media":0,"parent":0,"menu_order":0,"comment_status":"closed","ping_status":"closed","template":"","meta":{"footnotes":""},"class_list":["post-189","page","type-page","status-publish"],"yoast_head":"<!-- This site is optimized with the Yoast SEO plugin v27.5 - https:\/\/yoast.com\/product\/yoast-seo-wordpress\/ -->\n<title>Jitter KlickTest - Click Tester<\/title>\n<meta name=\"description\" content=\"Verbessern Sie die Spieleleistung mit Jitter Click Test. Steigern Sie die Klickgeschwindigkeit mit Techniken, Tipps und FAQs!\" \/>\n<meta name=\"robots\" content=\"index, follow, max-snippet:-1, max-image-preview:large, max-video-preview:-1\" \/>\n<link rel=\"canonical\" href=\"https:\/\/clicktester.net\/de\/jitter-klicktest\/\" \/>\n<meta property=\"og:locale\" content=\"en_US\" \/>\n<meta property=\"og:type\" content=\"article\" \/>\n<meta property=\"og:title\" content=\"Jitter KlickTest - Click Tester\" \/>\n<meta property=\"og:description\" content=\"Verbessern Sie die Spieleleistung mit Jitter Click Test. Steigern Sie die Klickgeschwindigkeit mit Techniken, Tipps und FAQs!\" \/>\n<meta property=\"og:url\" content=\"https:\/\/clicktester.net\/de\/jitter-klicktest\/\" \/>\n<meta property=\"og:site_name\" content=\"Click Tester\" \/>\n<meta property=\"article:modified_time\" content=\"2023-06-16T12:14:22+00:00\" \/>\n<meta name=\"twitter:card\" content=\"summary_large_image\" \/>\n<meta name=\"twitter:label1\" content=\"Est. reading time\" \/>\n\t<meta name=\"twitter:data1\" content=\"3 minutes\" \/>\n<script type=\"application\/ld+json\" class=\"yoast-schema-graph\">{\"@context\":\"https:\\\/\\\/schema.org\",\"@graph\":[{\"@type\":\"WebPage\",\"@id\":\"https:\\\/\\\/clicktester.net\\\/de\\\/jitter-klicktest\\\/\",\"url\":\"https:\\\/\\\/clicktester.net\\\/de\\\/jitter-klicktest\\\/\",\"name\":\"Jitter KlickTest - Click Tester\",\"isPartOf\":{\"@id\":\"https:\\\/\\\/clicktester.net\\\/de\\\/#website\"},\"datePublished\":\"2023-03-31T08:44:48+00:00\",\"dateModified\":\"2023-06-16T12:14:22+00:00\",\"description\":\"Verbessern Sie die Spieleleistung mit Jitter Click Test. Steigern Sie die Klickgeschwindigkeit mit Techniken, Tipps und FAQs!\",\"breadcrumb\":{\"@id\":\"https:\\\/\\\/clicktester.net\\\/de\\\/jitter-klicktest\\\/#breadcrumb\"},\"inLanguage\":\"en-US\",\"potentialAction\":[{\"@type\":\"ReadAction\",\"target\":[\"https:\\\/\\\/clicktester.net\\\/de\\\/jitter-klicktest\\\/\"]}]},{\"@type\":\"BreadcrumbList\",\"@id\":\"https:\\\/\\\/clicktester.net\\\/de\\\/jitter-klicktest\\\/#breadcrumb\",\"itemListElement\":[{\"@type\":\"ListItem\",\"position\":1,\"name\":\"Home\",\"item\":\"https:\\\/\\\/clicktester.net\\\/de\\\/\"},{\"@type\":\"ListItem\",\"position\":2,\"name\":\"Jitter KlickTest\"}]},{\"@type\":\"WebSite\",\"@id\":\"https:\\\/\\\/clicktester.net\\\/de\\\/#website\",\"url\":\"https:\\\/\\\/clicktester.net\\\/de\\\/\",\"name\":\"Click Tester\",\"description\":\"Test Your Click Speed\",\"publisher\":{\"@id\":\"https:\\\/\\\/clicktester.net\\\/de\\\/#organization\"},\"potentialAction\":[{\"@type\":\"SearchAction\",\"target\":{\"@type\":\"EntryPoint\",\"urlTemplate\":\"https:\\\/\\\/clicktester.net\\\/de\\\/?s={search_term_string}\"},\"query-input\":{\"@type\":\"PropertyValueSpecification\",\"valueRequired\":true,\"valueName\":\"search_term_string\"}}],\"inLanguage\":\"en-US\"},{\"@type\":\"Organization\",\"@id\":\"https:\\\/\\\/clicktester.net\\\/de\\\/#organization\",\"name\":\"Click Tester\",\"url\":\"https:\\\/\\\/clicktester.net\\\/de\\\/\",\"logo\":{\"@type\":\"ImageObject\",\"inLanguage\":\"en-US\",\"@id\":\"https:\\\/\\\/clicktester.net\\\/de\\\/#\\\/schema\\\/logo\\\/image\\\/\",\"url\":\"https:\\\/\\\/clicktester.net\\\/de\\\/wp-content\\\/uploads\\\/2023\\\/03\\\/click-tester-2.png\",\"contentUrl\":\"https:\\\/\\\/clicktester.net\\\/de\\\/wp-content\\\/uploads\\\/2023\\\/03\\\/click-tester-2.png\",\"width\":350,\"height\":70,\"caption\":\"Click Tester\"},\"image\":{\"@id\":\"https:\\\/\\\/clicktester.net\\\/de\\\/#\\\/schema\\\/logo\\\/image\\\/\"}}]}<\/script>\n<!-- \/ Yoast SEO plugin. -->","yoast_head_json":{"title":"Jitter KlickTest - Click Tester","description":"Verbessern Sie die Spieleleistung mit Jitter Click Test. Steigern Sie die Klickgeschwindigkeit mit Techniken, Tipps und FAQs!","robots":{"index":"index","follow":"follow","max-snippet":"max-snippet:-1","max-image-preview":"max-image-preview:large","max-video-preview":"max-video-preview:-1"},"canonical":"https:\/\/clicktester.net\/de\/jitter-klicktest\/","og_locale":"en_US","og_type":"article","og_title":"Jitter KlickTest - Click Tester","og_description":"Verbessern Sie die Spieleleistung mit Jitter Click Test. Steigern Sie die Klickgeschwindigkeit mit Techniken, Tipps und FAQs!","og_url":"https:\/\/clicktester.net\/de\/jitter-klicktest\/","og_site_name":"Click Tester","article_modified_time":"2023-06-16T12:14:22+00:00","twitter_card":"summary_large_image","twitter_misc":{"Est. reading time":"3 minutes"},"schema":{"@context":"https:\/\/schema.org","@graph":[{"@type":"WebPage","@id":"https:\/\/clicktester.net\/de\/jitter-klicktest\/","url":"https:\/\/clicktester.net\/de\/jitter-klicktest\/","name":"Jitter KlickTest - Click Tester","isPartOf":{"@id":"https:\/\/clicktester.net\/de\/#website"},"datePublished":"2023-03-31T08:44:48+00:00","dateModified":"2023-06-16T12:14:22+00:00","description":"Verbessern Sie die Spieleleistung mit Jitter Click Test. Steigern Sie die Klickgeschwindigkeit mit Techniken, Tipps und FAQs!","breadcrumb":{"@id":"https:\/\/clicktester.net\/de\/jitter-klicktest\/#breadcrumb"},"inLanguage":"en-US","potentialAction":[{"@type":"ReadAction","target":["https:\/\/clicktester.net\/de\/jitter-klicktest\/"]}]},{"@type":"BreadcrumbList","@id":"https:\/\/clicktester.net\/de\/jitter-klicktest\/#breadcrumb","itemListElement":[{"@type":"ListItem","position":1,"name":"Home","item":"https:\/\/clicktester.net\/de\/"},{"@type":"ListItem","position":2,"name":"Jitter KlickTest"}]},{"@type":"WebSite","@id":"https:\/\/clicktester.net\/de\/#website","url":"https:\/\/clicktester.net\/de\/","name":"Click Tester","description":"Test Your Click Speed","publisher":{"@id":"https:\/\/clicktester.net\/de\/#organization"},"potentialAction":[{"@type":"SearchAction","target":{"@type":"EntryPoint","urlTemplate":"https:\/\/clicktester.net\/de\/?s={search_term_string}"},"query-input":{"@type":"PropertyValueSpecification","valueRequired":true,"valueName":"search_term_string"}}],"inLanguage":"en-US"},{"@type":"Organization","@id":"https:\/\/clicktester.net\/de\/#organization","name":"Click Tester","url":"https:\/\/clicktester.net\/de\/","logo":{"@type":"ImageObject","inLanguage":"en-US","@id":"https:\/\/clicktester.net\/de\/#\/schema\/logo\/image\/","url":"https:\/\/clicktester.net\/de\/wp-content\/uploads\/2023\/03\/click-tester-2.png","contentUrl":"https:\/\/clicktester.net\/de\/wp-content\/uploads\/2023\/03\/click-tester-2.png","width":350,"height":70,"caption":"Click Tester"},"image":{"@id":"https:\/\/clicktester.net\/de\/#\/schema\/logo\/image\/"}}]}},"_links":{"self":[{"href":"https:\/\/clicktester.net\/de\/wp-json\/wp\/v2\/pages\/189","targetHints":{"allow":["GET"]}}],"collection":[{"href":"https:\/\/clicktester.net\/de\/wp-json\/wp\/v2\/pages"}],"about":[{"href":"https:\/\/clicktester.net\/de\/wp-json\/wp\/v2\/types\/page"}],"author":[{"embeddable":true,"href":"https:\/\/clicktester.net\/de\/wp-json\/wp\/v2\/users\/1"}],"replies":[{"embeddable":true,"href":"https:\/\/clicktester.net\/de\/wp-json\/wp\/v2\/comments?post=189"}],"version-history":[{"count":8,"href":"https:\/\/clicktester.net\/de\/wp-json\/wp\/v2\/pages\/189\/revisions"}],"predecessor-version":[{"id":314,"href":"https:\/\/clicktester.net\/de\/wp-json\/wp\/v2\/pages\/189\/revisions\/314"}],"wp:attachment":[{"href":"https:\/\/clicktester.net\/de\/wp-json\/wp\/v2\/media?parent=189"}],"curies":[{"name":"wp","href":"https:\/\/api.w.org\/{rel}","templated":true}]}}