{"id":134,"date":"2023-03-27T13:46:05","date_gmt":"2023-03-27T13:46:05","guid":{"rendered":"https:\/\/clicktester.net\/?page_id=134"},"modified":"2023-06-16T10:04:34","modified_gmt":"2023-06-16T10:04:34","slug":"100-sekunden-klicktest","status":"publish","type":"page","link":"https:\/\/clicktester.net\/de\/100-sekunden-klicktest\/","title":{"rendered":"100 Sekunden KlickTest"},"content":{"rendered":"\n<h1 class=\"wp-block-heading has-text-align-center\">100 Sekunden KlickTest(100 Sekunden CPS Test)<\/h1>\n\n\n <link href=\"\/js\/newoutput.56c1953f3e31.css\" rel=\"stylesheet\" type=\"text\/css\" \/>\r\n  \r\n              <div class=\"row\">\r\n            <div class=\"card radius-15\" style=\"position: inherit\">\r\n              <div class=\"row\">\r\n                <div class=\"mt-3\">\r\n                  <div class=\"col-12 col-lg-12 col-xl-12\">\r\n                    <div class=\"row text-center\">\r\n                      <div class=\"col-12 col-lg-4\">\r\n                        <div class=\"card cps-gradient-16 radius-15 p-3\">\r\n                          <span\r\n                            id=\"clicks\"\r\n                            style=\"font-size: 1.3rem; font-weight: 500\"\r\n                            >0<\/span\r\n                          >\r\n                          <small>CPS<\/small>\r\n                        <\/div>\r\n                      <\/div>\r\n                      <div class=\"col-12 col-lg-4\">\r\n                        <div class=\"card cps-gradient-9 radius-15 p-3\">\r\n                          <span\r\n                            id=\"score\"\r\n                            style=\"font-size: 1.3rem; font-weight: 500\"\r\n                            >0<\/span\r\n                          >\r\n                          <small>Score<\/small>\r\n                        <\/div>\r\n                      <\/div>\r\n                      <div class=\"col-12 col-lg-4\">\r\n                        <div class=\"card cps-gradient-1 radius-15 p-3\">\r\n                          <span\r\n                            id=\"timer\"\r\n                            style=\"font-size: 1.3rem; font-weight: 500\"\r\n                            >0<\/span\r\n                          >\r\n                          <small>Timer<\/small>\r\n                        <\/div>\r\n                      <\/div>\r\n                      <input\r\n                        id=\"cpsTimerInput\"\r\n                        type=\"hidden\"\r\n                        value=\"100\"\r\n                      \/><input\r\n                        id=\"localStorage1\"\r\n                        type=\"hidden\"\r\n                        value=\"100second\"\r\n                      \/><input\r\n                        id=\"localStorage2\"\r\n                        type=\"hidden\"\r\n                        value=\"100secSc\"\r\n                      \/>\r\n                    <\/div>\r\n                    <div class=\"card radius-15\" style=\"position: inherit\">\r\n                      <div class=\"btn clicksPerSecondRipple\" id=\"clickarea\">\r\n                        <button\r\n                          class=\"cps-gradient-34 radius-15\"\r\n                          id=\"start\"\r\n                          type=\"button\"\r\n                        >\r\n                          START TEST\r\n                        <\/button>\r\n                      <\/div>\r\n                    <\/div>\r\n                  <\/div>\r\n                <\/div>\r\n               \r\n                <\/div>\r\n              <\/div>\r\n              <div\r\n                aria-hidden=\"true\"\r\n                class=\"modal fade show\"\r\n                id=\"clickspersecondtestmodal\"\r\n                style=\"display: none\">\r\n                <div class=\"modal-dialog modal-lg\">\r\n                  <div class=\"modal-content radius-15 cps-gradient-21\">\r\n                    <div class=\"modal-header px-3\">\r\n                      <div class=\"modal-title\" style=\"font-size: 24px\">\r\n                        Result\r\n                      <\/div>\r\n                      <button\r\n                        aria-label=\"close\"\r\n                        class=\"btn btn-light\"\r\n                        data-bs-dismiss=\"modal\"\r\n                        type=\"button\"\r\n                      >\r\n                        <span aria-hidden=\"true\">X<\/span>\r\n                      <\/button>\r\n                    <\/div>\r\n                    <div class=\"col-12 col-lg-12 col-xl-12 radius-15 px-3\">\r\n                      <div class=\"card radius-15 mt-3\">\r\n                        <div class=\"card-body radius-15\">\r\n                          <div class=\"row row-group align-items-center\">\r\n                            <div class=\"col-12 col-lg-8 text-center p-3\">\r\n                              <div style=\"font-size: 30px\">\r\n                                You\u2019re a\r\n                                <b style=\"color: yellow\"\r\n                                  ><i id=\"rankname\"><\/i\r\n                                ><\/b>\r\n                              <\/div>\r\n                              <div id=\"rankratings\"><\/div>\r\n                              <div\r\n                                class=\"col-12 col-lg-12 col-xl-12 radius-15 px-3\"\r\n                              >\r\n                                <div\r\n                                  class=\"card-body cps-gradient-9 radius-15 mt-3\"\r\n                                >\r\n                                  <div style=\"font-size: 20px\">\r\n                                    Your clicking speed is\r\n                                    <b style=\"font-size: 25px; color: yellow\"\r\n                                      ><span class=\"cscore\"><\/span> CPS<\/b\r\n                                    >\r\n                                  <\/div>\r\n                                  <div style=\"font-size: 20px\">\r\n                                    You made\r\n                                    <b style=\"font-size: 25px; color: yellow\"\r\n                                      ><span class=\"sscore\"><\/span> Clicks<\/b\r\n                                    >\r\n                                    in\r\n                                    <b style=\"font-size: 25px; color: yellow\"\r\n                                      ><span class=\"time\"><\/span> Second<\/b\r\n                                    >\r\n                                  <\/div>\r\n                                <\/div>\r\n                              <\/div>\r\n                            <\/div>\r\n                            <div\r\n                              class=\"col-12 col-lg-4 text-center p-3\"\r\n                              id=\"rankimage\"\r\n                            ><\/div>\r\n                          <\/div>\r\n                          <hr \/>\r\n                          <div class=\"text-center\" style=\"font-size: 20px\">\r\n                            <b id=\"ranktext\"\r\n                              >Stop feeling sorry for yourself, don't be a\r\n                              looser.<\/b\r\n                            >\r\n                          <\/div>\r\n                        <\/div>\r\n                      <\/div>\r\n                    <\/div>\r\n                    <div class=\"row text-center\">\r\n                      <div class=\"col-md-12\">\r\n                        <button\r\n                          aria-label=\"close\"\r\n                          class=\"cps-gradient-9 btn btn-lg\"\r\n                          data-bs-dismiss=\"modal\"\r\n                          type=\"button\"\r\n                        >\r\n                          <span aria-hidden=\"true\"><b>TRY AGAIN<\/b><\/span>\r\n                        <\/button>\r\n                        <hr \/>\r\n                        <div class=\"row m-3\">\r\n                          <div style=\"font-size: 20px\">\r\n                            Try Next Challenges!\r\n                          <\/div>\r\n                          <div class=\"container-fluid\">\r\n                            <div class=\"row mt-3\">\r\n                              <div class=\"col-12 col-lg-6 col-xl-6\">\r\n                                <div\r\n                                  class=\"card cps-gradient-9 btn-hand radius-15\"\r\n                                >\r\n                                  <a href=\"\/5-second-click-test\"\r\n                                    ><div class=\"card-body p-2\">\r\n                                      <span\r\n                                        style=\"\r\n                                          font-size: 1rem;\r\n                                          font-weight: 400;\r\n                                        \"\r\n                                        >5 Second<\/span\r\n                                      >\r\n                                    <\/div><\/a\r\n                                  >\r\n                                <\/div>\r\n                              <\/div>\r\n                              <div class=\"col-12 col-lg-6 col-xl-6\">\r\n                                <div\r\n                                  class=\"card cps-gradient-16 btn-hand radius-15\"\r\n                                >\r\n                                  <a href=\"\/30-second-click-test\"\r\n                                    ><div class=\"card-body p-2\">\r\n                                      <span\r\n                                        style=\"\r\n                                          font-size: 1rem;\r\n                                          font-weight: 400;\r\n                                        \"\r\n                                        >30 Second<\/span\r\n                                      >\r\n                                    <\/div><\/a\r\n                                  >\r\n                                <\/div>\r\n                              <\/div>\r\n                            <\/div>\r\n                          <\/div>\r\n                        <\/div>\r\n                      <\/div>\r\n                    <\/div>\r\n                  <\/div>\r\n                <\/div>\r\n              <\/div>\r\n            <\/div>\r\n          <\/div>\r\n          <div class=\"row\">\r\n            <div\r\n              class=\"col-md-12 text-center\"\r\n              data-ad-refresh=\"true\"\r\n              data-adslot=\"\/21855545885\/clicktester.net\/ATF\"\r\n              data-size-desktop=\"[[728,90]]\"\r\n              data-size-mobile=\"[[320,50]]\"\r\n            ><\/div>\r\n          <\/div>\r\n         \r\n   \r\n<script src=\"\/js\/output.574e65e6155e.js\"><\/script>\r\n    <script src=\"\/js\/clickspersecond.js\"><\/script>\r\n\t  \n\n\n\n<hr class=\"wp-block-separator has-alpha-channel-opacity\"\/>\n\n\n\n<h2 class=\"wp-block-heading\"><strong>Entfessele dein volles Klickpotential mit dem 100-Sekunden-Klicktest und dem 100-Sekunden-CPS-Test.<\/strong><\/h2>\n\n\n\n<p>Suchen Sie nach M\u00f6glichkeiten, Ihre Klickgeschwindigkeit zu verbessern und mit den Besten zu konkurrieren? Der 100-Sekunden-Klicktest und der 100-Sekunden-CPS-Test sind perfekte M\u00f6glichkeiten, Ihre F\u00e4higkeiten zu testen und Ihre Grenzen zu \u00fcberschreiten. Diese beliebten Tests sind darauf ausgelegt, Ihr Klickk\u00f6nnen herauszufordern, wobei viele Gamer und Geschwindigkeitsbegeisterte darauf abzielen, die besten Ergebnisse zu erzielen.<\/p>\n\n\n\n<h3 class=\"wp-block-heading\"><strong>Was ist der 100-Sekunden-Klicktest?<\/strong><\/h3>\n\n\n\n<p>Der 100-Sekunden-Klicktest ist ein einfaches Online-Tool, das misst, wie oft Sie innerhalb eines 100-Sekunden-Zeitrahmens klicken k\u00f6nnen. Dieser fesselnde Test eignet sich perfekt f\u00fcr diejenigen, die ihre Klickgeschwindigkeit verbessern, ihre Hand-Augen-Koordination verbessern oder einfach nur eine Herausforderung genie\u00dfen m\u00f6chten.<\/p>\n\n\n\n<h2 class=\"wp-block-heading\"><strong>100-Sekunden-CPS-Test: Eine umfassende CPS-Herausforderung (Clicks Per Second)<\/strong><\/h2>\n\n\n\n<p>Der 100-Sekunden-CPS-Test, oder Clicks Per Second Test, nimmt die Herausforderung auf die n\u00e4chste Stufe, indem er sich auf Ihre durchschnittliche Klickgeschwindigkeit konzentriert. Dieser Test berechnet die Anzahl der Klicks, die Sie innerhalb von 100 Sekunden erreichen k\u00f6nnen, und pr\u00e4sentiert Ihr Ergebnis als durchschnittliche CPS-Punktzahl (Clicks Per Second).<\/p>\n\n\n\n<h2 class=\"wp-block-heading\"><strong>Verfolgen Sie Ihren Fortschritt und konkurrieren Sie mit anderen<\/strong><\/h2>\n\n\n\n<p>Einer der aufregendsten Aspekte des 100-Sekunden-Klicktests und des 100-Sekunden-CPS-Tests ist die M\u00f6glichkeit, Ihren Fortschritt im Laufe der Zeit zu verfolgen und Ihre Punktzahlen mit Freunden und anderen Benutzern weltweit zu vergleichen. Dieser freundschaftliche Wettbewerb kann ein gro\u00dfartiger Motivator sein, um Ihre F\u00e4higkeiten zu verbessern und neue H\u00f6hen in der Klickleistung zu erreichen.<\/p>\n\n\n\n<h3 class=\"wp-block-heading\"><strong>Schlussfolgerung<\/strong><\/h3>\n\n\n\n<p>Ob Sie ein gelegentlicher Klicker oder ein dedizierter Geschwindigkeitsbegeisteter sind, bieten der 100-Sekunden-Klicktest und der 100-Sekunden-CPS-Test eine unterhaltsame und herausfordernde M\u00f6glichkeit, Ihre F\u00e4higkeiten zu testen und zu verbessern. Durch regelm\u00e4\u00dfiges \u00dcben, das richtige Equipment und einen konkurrenzf\u00e4higen Geist werden Sie auf dem Weg zu blitzschnellen Klicks und Spitzenergebnissen sein.<\/p>\n","protected":false},"excerpt":{"rendered":"<p>100 Sekunden KlickTest(100 Sekunden CPS Test) Entfessele dein volles Klickpotential mit dem 100-Sekunden-Klicktest und dem 100-Sekunden-CPS-Test. Suchen Sie nach M\u00f6glichkeiten, Ihre Klickgeschwindigkeit zu verbessern und mit den Besten zu konkurrieren? Der 100-Sekunden-Klicktest und der 100-Sekunden-CPS-Test sind perfekte M\u00f6glichkeiten, Ihre F\u00e4higkeiten zu testen und Ihre Grenzen zu \u00fcberschreiten. Diese beliebten Tests sind darauf ausgelegt, Ihr Klickk\u00f6nnen &#8230; <a title=\"100 Sekunden KlickTest\" class=\"read-more\" href=\"https:\/\/clicktester.net\/de\/100-sekunden-klicktest\/\" aria-label=\"Read more about 100 Sekunden KlickTest\">Read more<\/a><\/p>\n","protected":false},"author":1,"featured_media":0,"parent":0,"menu_order":0,"comment_status":"closed","ping_status":"closed","template":"","meta":{"footnotes":""},"class_list":["post-134","page","type-page","status-publish"],"yoast_head":"<!-- This site is optimized with the Yoast SEO plugin v27.5 - https:\/\/yoast.com\/product\/yoast-seo-wordpress\/ -->\n<title>100 Sekunden KlickTest - Click Tester<\/title>\n<meta name=\"description\" content=\"Steigere deine Klickgeschwindigkeit und Leistung mit dem ultimativen 100 Sekunden Klicktest und dem 100 Sekunden CPS Test.\" \/>\n<meta name=\"robots\" content=\"index, follow, max-snippet:-1, max-image-preview:large, max-video-preview:-1\" \/>\n<link rel=\"canonical\" href=\"https:\/\/clicktester.net\/de\/100-sekunden-klicktest\/\" \/>\n<meta property=\"og:locale\" content=\"en_US\" \/>\n<meta property=\"og:type\" content=\"article\" \/>\n<meta property=\"og:title\" content=\"100 Sekunden KlickTest - Click Tester\" \/>\n<meta property=\"og:description\" content=\"Steigere deine Klickgeschwindigkeit und Leistung mit dem ultimativen 100 Sekunden Klicktest und dem 100 Sekunden CPS Test.\" \/>\n<meta property=\"og:url\" content=\"https:\/\/clicktester.net\/de\/100-sekunden-klicktest\/\" \/>\n<meta property=\"og:site_name\" content=\"Click Tester\" \/>\n<meta property=\"article:modified_time\" content=\"2023-06-16T10:04:34+00:00\" \/>\n<meta name=\"twitter:card\" content=\"summary_large_image\" \/>\n<meta name=\"twitter:label1\" content=\"Est. reading time\" \/>\n\t<meta name=\"twitter:data1\" content=\"2 minutes\" \/>\n<script type=\"application\/ld+json\" class=\"yoast-schema-graph\">{\"@context\":\"https:\\\/\\\/schema.org\",\"@graph\":[{\"@type\":\"WebPage\",\"@id\":\"https:\\\/\\\/clicktester.net\\\/de\\\/100-sekunden-klicktest\\\/\",\"url\":\"https:\\\/\\\/clicktester.net\\\/de\\\/100-sekunden-klicktest\\\/\",\"name\":\"100 Sekunden KlickTest - Click Tester\",\"isPartOf\":{\"@id\":\"https:\\\/\\\/clicktester.net\\\/de\\\/#website\"},\"datePublished\":\"2023-03-27T13:46:05+00:00\",\"dateModified\":\"2023-06-16T10:04:34+00:00\",\"description\":\"Steigere deine Klickgeschwindigkeit und Leistung mit dem ultimativen 100 Sekunden Klicktest und dem 100 Sekunden CPS Test.\",\"breadcrumb\":{\"@id\":\"https:\\\/\\\/clicktester.net\\\/de\\\/100-sekunden-klicktest\\\/#breadcrumb\"},\"inLanguage\":\"en-US\",\"potentialAction\":[{\"@type\":\"ReadAction\",\"target\":[\"https:\\\/\\\/clicktester.net\\\/de\\\/100-sekunden-klicktest\\\/\"]}]},{\"@type\":\"BreadcrumbList\",\"@id\":\"https:\\\/\\\/clicktester.net\\\/de\\\/100-sekunden-klicktest\\\/#breadcrumb\",\"itemListElement\":[{\"@type\":\"ListItem\",\"position\":1,\"name\":\"Home\",\"item\":\"https:\\\/\\\/clicktester.net\\\/de\\\/\"},{\"@type\":\"ListItem\",\"position\":2,\"name\":\"100 Sekunden KlickTest\"}]},{\"@type\":\"WebSite\",\"@id\":\"https:\\\/\\\/clicktester.net\\\/de\\\/#website\",\"url\":\"https:\\\/\\\/clicktester.net\\\/de\\\/\",\"name\":\"Click Tester\",\"description\":\"Test Your Click Speed\",\"publisher\":{\"@id\":\"https:\\\/\\\/clicktester.net\\\/de\\\/#organization\"},\"potentialAction\":[{\"@type\":\"SearchAction\",\"target\":{\"@type\":\"EntryPoint\",\"urlTemplate\":\"https:\\\/\\\/clicktester.net\\\/de\\\/?s={search_term_string}\"},\"query-input\":{\"@type\":\"PropertyValueSpecification\",\"valueRequired\":true,\"valueName\":\"search_term_string\"}}],\"inLanguage\":\"en-US\"},{\"@type\":\"Organization\",\"@id\":\"https:\\\/\\\/clicktester.net\\\/de\\\/#organization\",\"name\":\"Click Tester\",\"url\":\"https:\\\/\\\/clicktester.net\\\/de\\\/\",\"logo\":{\"@type\":\"ImageObject\",\"inLanguage\":\"en-US\",\"@id\":\"https:\\\/\\\/clicktester.net\\\/de\\\/#\\\/schema\\\/logo\\\/image\\\/\",\"url\":\"https:\\\/\\\/clicktester.net\\\/de\\\/wp-content\\\/uploads\\\/2023\\\/03\\\/click-tester-2.png\",\"contentUrl\":\"https:\\\/\\\/clicktester.net\\\/de\\\/wp-content\\\/uploads\\\/2023\\\/03\\\/click-tester-2.png\",\"width\":350,\"height\":70,\"caption\":\"Click Tester\"},\"image\":{\"@id\":\"https:\\\/\\\/clicktester.net\\\/de\\\/#\\\/schema\\\/logo\\\/image\\\/\"}}]}<\/script>\n<!-- \/ Yoast SEO plugin. -->","yoast_head_json":{"title":"100 Sekunden KlickTest - Click Tester","description":"Steigere deine Klickgeschwindigkeit und Leistung mit dem ultimativen 100 Sekunden Klicktest und dem 100 Sekunden CPS Test.","robots":{"index":"index","follow":"follow","max-snippet":"max-snippet:-1","max-image-preview":"max-image-preview:large","max-video-preview":"max-video-preview:-1"},"canonical":"https:\/\/clicktester.net\/de\/100-sekunden-klicktest\/","og_locale":"en_US","og_type":"article","og_title":"100 Sekunden KlickTest - Click Tester","og_description":"Steigere deine Klickgeschwindigkeit und Leistung mit dem ultimativen 100 Sekunden Klicktest und dem 100 Sekunden CPS Test.","og_url":"https:\/\/clicktester.net\/de\/100-sekunden-klicktest\/","og_site_name":"Click Tester","article_modified_time":"2023-06-16T10:04:34+00:00","twitter_card":"summary_large_image","twitter_misc":{"Est. reading time":"2 minutes"},"schema":{"@context":"https:\/\/schema.org","@graph":[{"@type":"WebPage","@id":"https:\/\/clicktester.net\/de\/100-sekunden-klicktest\/","url":"https:\/\/clicktester.net\/de\/100-sekunden-klicktest\/","name":"100 Sekunden KlickTest - Click Tester","isPartOf":{"@id":"https:\/\/clicktester.net\/de\/#website"},"datePublished":"2023-03-27T13:46:05+00:00","dateModified":"2023-06-16T10:04:34+00:00","description":"Steigere deine Klickgeschwindigkeit und Leistung mit dem ultimativen 100 Sekunden Klicktest und dem 100 Sekunden CPS Test.","breadcrumb":{"@id":"https:\/\/clicktester.net\/de\/100-sekunden-klicktest\/#breadcrumb"},"inLanguage":"en-US","potentialAction":[{"@type":"ReadAction","target":["https:\/\/clicktester.net\/de\/100-sekunden-klicktest\/"]}]},{"@type":"BreadcrumbList","@id":"https:\/\/clicktester.net\/de\/100-sekunden-klicktest\/#breadcrumb","itemListElement":[{"@type":"ListItem","position":1,"name":"Home","item":"https:\/\/clicktester.net\/de\/"},{"@type":"ListItem","position":2,"name":"100 Sekunden KlickTest"}]},{"@type":"WebSite","@id":"https:\/\/clicktester.net\/de\/#website","url":"https:\/\/clicktester.net\/de\/","name":"Click Tester","description":"Test Your Click Speed","publisher":{"@id":"https:\/\/clicktester.net\/de\/#organization"},"potentialAction":[{"@type":"SearchAction","target":{"@type":"EntryPoint","urlTemplate":"https:\/\/clicktester.net\/de\/?s={search_term_string}"},"query-input":{"@type":"PropertyValueSpecification","valueRequired":true,"valueName":"search_term_string"}}],"inLanguage":"en-US"},{"@type":"Organization","@id":"https:\/\/clicktester.net\/de\/#organization","name":"Click Tester","url":"https:\/\/clicktester.net\/de\/","logo":{"@type":"ImageObject","inLanguage":"en-US","@id":"https:\/\/clicktester.net\/de\/#\/schema\/logo\/image\/","url":"https:\/\/clicktester.net\/de\/wp-content\/uploads\/2023\/03\/click-tester-2.png","contentUrl":"https:\/\/clicktester.net\/de\/wp-content\/uploads\/2023\/03\/click-tester-2.png","width":350,"height":70,"caption":"Click Tester"},"image":{"@id":"https:\/\/clicktester.net\/de\/#\/schema\/logo\/image\/"}}]}},"_links":{"self":[{"href":"https:\/\/clicktester.net\/de\/wp-json\/wp\/v2\/pages\/134","targetHints":{"allow":["GET"]}}],"collection":[{"href":"https:\/\/clicktester.net\/de\/wp-json\/wp\/v2\/pages"}],"about":[{"href":"https:\/\/clicktester.net\/de\/wp-json\/wp\/v2\/types\/page"}],"author":[{"embeddable":true,"href":"https:\/\/clicktester.net\/de\/wp-json\/wp\/v2\/users\/1"}],"replies":[{"embeddable":true,"href":"https:\/\/clicktester.net\/de\/wp-json\/wp\/v2\/comments?post=134"}],"version-history":[{"count":7,"href":"https:\/\/clicktester.net\/de\/wp-json\/wp\/v2\/pages\/134\/revisions"}],"predecessor-version":[{"id":306,"href":"https:\/\/clicktester.net\/de\/wp-json\/wp\/v2\/pages\/134\/revisions\/306"}],"wp:attachment":[{"href":"https:\/\/clicktester.net\/de\/wp-json\/wp\/v2\/media?parent=134"}],"curies":[{"name":"wp","href":"https:\/\/api.w.org\/{rel}","templated":true}]}}