{"id":131,"date":"2023-03-27T13:45:46","date_gmt":"2023-03-27T13:45:46","guid":{"rendered":"https:\/\/clicktester.net\/?page_id=131"},"modified":"2023-06-16T10:14:12","modified_gmt":"2023-06-16T10:14:12","slug":"klicks-pro-minute","status":"publish","type":"page","link":"https:\/\/clicktester.net\/de\/klicks-pro-minute\/","title":{"rendered":"Klicks pro Minute"},"content":{"rendered":"\n<h1 class=\"wp-block-heading has-text-align-center\">Klicks pro Minute (60-Sekunden-CPS-Test)<\/h1>\n\n\n\n<p>Entfesseln Sie Ihr wahres Klickpotenzial mit dem 60-Sekunden-CPS-Test. Entdecken Sie Tipps, Tricks und Techniken, um Ihre Klicks pro Minute zu verbessern.<\/p>\n\n\n <link href=\"\/js\/newoutput.56c1953f3e31.css\" rel=\"stylesheet\" type=\"text\/css\" \/>\r\n  \r\n              <div class=\"row\">\r\n            <div class=\"card radius-15\" style=\"position: inherit\">\r\n              <div class=\"row\">\r\n                <div class=\"mt-3\">\r\n                  <div class=\"col-12 col-lg-12 col-xl-12\">\r\n                    <div class=\"row text-center\">\r\n                      <div class=\"col-12 col-lg-4\">\r\n                        <div class=\"card cps-gradient-16 radius-15 p-3\">\r\n                          <span\r\n                            id=\"clicks\"\r\n                            style=\"font-size: 1.3rem; font-weight: 500\"\r\n                            >0<\/span\r\n                          >\r\n                          <small>CPS<\/small>\r\n                        <\/div>\r\n                      <\/div>\r\n                      <div class=\"col-12 col-lg-4\">\r\n                        <div class=\"card cps-gradient-9 radius-15 p-3\">\r\n                          <span\r\n                            id=\"score\"\r\n                            style=\"font-size: 1.3rem; font-weight: 500\"\r\n                            >0<\/span\r\n                          >\r\n                          <small>Punktzahl<\/small>\r\n                        <\/div>\r\n                      <\/div>\r\n                      <div class=\"col-12 col-lg-4\">\r\n                        <div class=\"card cps-gradient-1 radius-15 p-3\">\r\n                          <span\r\n                            id=\"timer\"\r\n                            style=\"font-size: 1.3rem; font-weight: 500\"\r\n                            >0<\/span\r\n                          >\r\n                          <small>Zeitgeber<\/small>\r\n                        <\/div>\r\n                      <\/div>\r\n                      <input\r\n                        id=\"cpsTimerInput\"\r\n                        type=\"hidden\"\r\n                        value=\"60\"\r\n                      \/><input\r\n                        id=\"localStorage1\"\r\n                        type=\"hidden\"\r\n                        value=\"60second\"\r\n                      \/><input\r\n                        id=\"localStorage2\"\r\n                        type=\"hidden\"\r\n                        value=\"60secSc\"\r\n                      \/>\r\n                    <\/div>\r\n                    <div class=\"card radius-15\" style=\"position: inherit\">\r\n                      <div class=\"btn clicksPerSecondRipple\" id=\"clickarea\">\r\n                        <button\r\n                          class=\"cps-gradient-34 radius-15\"\r\n                          id=\"start\"\r\n                          type=\"button\"\r\n                        >\r\n                          TEST STARTEN <\/button>\r\n                      <\/div>\r\n                    <\/div>\r\n                  <\/div>\r\n                <\/div>\r\n               \r\n                <\/div>\r\n              <\/div>\r\n              <div\r\n                aria-hidden=\"true\"\r\n                class=\"modal fade show\"\r\n                id=\"clickspersecondtestmodal\"\r\n                style=\"display: none\">\r\n                <div class=\"modal-dialog modal-lg\">\r\n                  <div class=\"modal-content radius-15 cps-gradient-21\">\r\n                    <div class=\"modal-header px-3\">\r\n                      <div class=\"modal-title\" style=\"font-size: 24px\">\r\n                        Result\r\n                      <\/div>\r\n                      <button\r\n                        aria-label=\"close\"\r\n                        class=\"btn btn-light\"\r\n                        data-bs-dismiss=\"modal\"\r\n                        type=\"button\"\r\n                      >\r\n                        <span aria-hidden=\"true\">X<\/span>\r\n                      <\/button>\r\n                    <\/div>\r\n                    <div class=\"col-12 col-lg-12 col-xl-12 radius-15 px-3\">\r\n                      <div class=\"card radius-15 mt-3\">\r\n                        <div class=\"card-body radius-15\">\r\n                          <div class=\"row row-group align-items-center\">\r\n                            <div class=\"col-12 col-lg-8 text-center p-3\">\r\n                              <div style=\"font-size: 30px\">\r\n                                You\u2019re a\r\n                                <b style=\"color: yellow\"\r\n                                  ><i id=\"rankname\"><\/i\r\n                                ><\/b>\r\n                              <\/div>\r\n                              <div id=\"rankratings\"><\/div>\r\n                              <div\r\n                                class=\"col-12 col-lg-12 col-xl-12 radius-15 px-3\"\r\n                              >\r\n                                <div\r\n                                  class=\"card-body cps-gradient-9 radius-15 mt-3\"\r\n                                >\r\n                                  <div style=\"font-size: 20px\">\r\n                                    Ihre Klickgeschwindigkeit betr\u00e4gt\r\n                                    <b style=\"font-size: 25px; color: yellow\"\r\n                                      ><span class=\"cscore\"><\/span> CPS<\/b\r\n                                    >\r\n                                  <\/div>\r\n                                  <div style=\"font-size: 20px\">\r\n                                    You made\r\n                                    <b style=\"font-size: 25px; color: yellow\"\r\n                                      ><span class=\"sscore\"><\/span> Klicks<\/b\r\n                                    >\r\n                                    in\r\n                                    <b style=\"font-size: 25px; color: yellow\"\r\n                                      ><span class=\"time\"><\/span> Sekunden<\/b\r\n                                    >\r\n                                  <\/div>\r\n                                <\/div>\r\n                              <\/div>\r\n                            <\/div>\r\n                            <div\r\n                              class=\"col-12 col-lg-4 text-center p-3\"\r\n                              id=\"rankimage\"\r\n                            ><\/div>\r\n                          <\/div>\r\n                          <hr \/>\r\n                          <div class=\"text-center\" style=\"font-size: 20px\">\r\n                            <b id=\"ranktext\">H\u00f6r auf, Selbstmitleid zu haben, sei kein Verlierer.<\/b>\r\n                          <\/div>\r\n                        <\/div>\r\n                      <\/div>\r\n                    <\/div>\r\n                    <div class=\"row text-center\">\r\n                      <div class=\"col-md-12\">\r\n                        <button\r\n                          aria-label=\"close\"\r\n                          class=\"cps-gradient-9 btn btn-lg\"\r\n                          data-bs-dismiss=\"modal\"\r\n                          type=\"button\"\r\n                        >\r\n                          <span aria-hidden=\"true\"><b>VERSUCHE ES NOCHMAL<\/b><\/span>\r\n                        <\/button>\r\n                        <hr \/>\r\n                        <div class=\"row m-3\">\r\n                          <div style=\"font-size: 20px\">\r\n                            Versuchen Sie die n\u00e4chsten Herausforderungen!\r\n                          <\/div>\r\n                          <div class=\"container-fluid\">\r\n                            <div class=\"row mt-3\">\r\n                              <div class=\"col-12 col-lg-6 col-xl-6\">\r\n                                <div\r\n                                  class=\"card cps-gradient-9 btn-hand radius-15\"\r\n                                >\r\n                                  <a href=\"\/5-second-click-test\"\r\n                                    ><div class=\"card-body p-2\">\r\n                                      <span\r\n                                        style=\"\r\n                                          font-size: 1rem;\r\n                                          font-weight: 400;\r\n                                        \"\r\n                                        >5 Sekunden<\/span\r\n                                      >\r\n                                    <\/div><\/a\r\n                                  >\r\n                                <\/div>\r\n                              <\/div>\r\n                              <div class=\"col-12 col-lg-6 col-xl-6\">\r\n                                <div\r\n                                  class=\"card cps-gradient-16 btn-hand radius-15\"\r\n                                >\r\n                                  <a href=\"\/30-second-click-test\"\r\n                                    ><div class=\"card-body p-2\">\r\n                                      <span\r\n                                        style=\"\r\n                                          font-size: 1rem;\r\n                                          font-weight: 400;\r\n                                        \"\r\n                                        >30 Sekunden<\/span\r\n                                      >\r\n                                    <\/div><\/a\r\n                                  >\r\n                                <\/div>\r\n                              <\/div>\r\n                            <\/div>\r\n                          <\/div>\r\n                        <\/div>\r\n                      <\/div>\r\n                    <\/div>\r\n                  <\/div>\r\n                <\/div>\r\n              <\/div>\r\n            <\/div>\r\n          <\/div>\r\n          <div class=\"row\">\r\n            <div\r\n              class=\"col-md-12 text-center\"\r\n              data-ad-refresh=\"true\"\r\n              data-adslot=\"\/21855545885\/clicktester.net\/ATF\"\r\n              data-size-desktop=\"[[728,90]]\"\r\n              data-size-mobile=\"[[320,50]]\"\r\n            ><\/div>\r\n          <\/div>\r\n         \r\n   \r\n<script src=\"\/js\/output.574e65e6155e.js\"><\/script>\r\n    <script src=\"\/js\/clickspersecond.js\"><\/script>\r\n\t  \n\n\n\n<hr class=\"wp-block-separator has-alpha-channel-opacity\"\/>\n\n\n\n<h2 class=\"wp-block-heading\"><strong>Was sind Klicks pro Minute (CPM)?<\/strong><\/h2>\n\n\n\n<p>Klicks pro Minute, oder CPM, ist ein Ma\u00df daf\u00fcr, wie schnell Sie in einer bestimmten Zeitspanne, normalerweise einer Minute, mit Ihrer Computermaus klicken k\u00f6nnen. Es ist eine beliebte Kennzahl f\u00fcr Gamer, B\u00fcroangestellte und alle, die ihre Hand-Auge-Koordination und Reflexe verbessern m\u00f6chten.<\/p>\n\n\n\n<h3 class=\"wp-block-heading\"><strong>Verbessern Sie Ihre Klicks pro Minute mit dem 60-Sekunden-CPS-Test<\/strong><\/h3>\n\n\n\n<p>Der 60-Sekunden-CPS-Test ist die ultimative Herausforderung f\u00fcr alle, die ihre Klicks pro Minute (CPM) verbessern und ihre Klickfertigkeiten unter Beweis stellen m\u00f6chten. Mit nur einer Minute Zeit, um sich zu behaupten, bietet dieser Test ein aufregendes Erlebnis, das Ihre Klickf\u00e4higkeiten auf die Probe stellt. Erfahren Sie alles \u00fcber den 60-Sekunden-CPS-Test, wie er funktioniert und wie Sie Ihre CPM heute noch verbessern k\u00f6nnen!<\/p>\n\n\n\n<h3 class=\"wp-block-heading\"><strong>Der 60-Sekunden-CPS-Test: So funktioniert er<\/strong><\/h3>\n\n\n\n<p>Der 60-Sekunden-CPS-Test ist ein Online-Tool, das Ihnen hilft, Ihre Klickgeschwindigkeit zu messen und zu verbessern. Der Test ist einfach gestaltet, mit einem auf 60 Sekunden eingestellten Timer und einer einfachen Anweisung: Klicken Sie so schnell wie m\u00f6glich. Sobald die Zeit abgelaufen ist, erhalten Sie die Gesamtzahl Ihrer Klicks und der Test berechnet Ihre CPM, sodass Sie Ihre Fortschritte verfolgen und neue pers\u00f6nliche Rekorde aufstellen k\u00f6nnen.<\/p>\n\n\n\n<h3 class=\"wp-block-heading\"><strong>Vorteile einer hohen Klicks-pro-Minute-Wertung<\/strong><\/h3>\n\n\n\n<p>Das Verbessern Ihrer CPM ist nicht nur unterhaltsam und herausfordernd, sondern bietet auch mehrere praktische Vorteile:<\/p>\n\n\n\n<p><strong>Gaming-Vorteil:<\/strong> F\u00fcr Gamer kann eine hohe CPM in klickintensiven Spielen einen Wettbewerbsvorteil bieten.<\/p>\n\n\n\n<p><strong>Erh\u00f6hte Produktivit\u00e4t: <\/strong>Schnelleres Klicken kann Ihnen helfen, Aufgaben schneller zu erledigen und so Ihre Gesamteffizienz zu steigern.<\/p>\n\n\n\n<p><strong>Verbesserte Hand-Auge-Koordination: <\/strong>Regelm\u00e4\u00dfiges \u00dcben kann dazu beitragen, Ihre Hand-Auge-Koordination und Feinmotorik zu verbessern.<\/p>\n","protected":false},"excerpt":{"rendered":"<p>Klicks pro Minute (60-Sekunden-CPS-Test) Entfesseln Sie Ihr wahres Klickpotenzial mit dem 60-Sekunden-CPS-Test. Entdecken Sie Tipps, Tricks und Techniken, um Ihre Klicks pro Minute zu verbessern. Was sind Klicks pro Minute (CPM)? Klicks pro Minute, oder CPM, ist ein Ma\u00df daf\u00fcr, wie schnell Sie in einer bestimmten Zeitspanne, normalerweise einer Minute, mit Ihrer Computermaus klicken k\u00f6nnen. &#8230; <a title=\"Klicks pro Minute\" class=\"read-more\" href=\"https:\/\/clicktester.net\/de\/klicks-pro-minute\/\" aria-label=\"Read more about Klicks pro Minute\">Read more<\/a><\/p>\n","protected":false},"author":1,"featured_media":0,"parent":0,"menu_order":0,"comment_status":"closed","ping_status":"closed","template":"","meta":{"footnotes":""},"class_list":["post-131","page","type-page","status-publish"],"yoast_head":"<!-- This site is optimized with the Yoast SEO plugin v27.5 - https:\/\/yoast.com\/product\/yoast-seo-wordpress\/ -->\n<title>Klicks pro Minute (60-Sekunden-CPS-Test)<\/title>\n<meta name=\"description\" content=\"Testen Sie Ihre Klicks pro Minute mit dem 60-Sekunden-CPS-Test! Verbessern Sie Ihre Klickrate mit Tipps, Tricks und Techniken.\" \/>\n<meta name=\"robots\" content=\"index, follow, max-snippet:-1, max-image-preview:large, max-video-preview:-1\" \/>\n<link rel=\"canonical\" href=\"https:\/\/clicktester.net\/de\/klicks-pro-minute\/\" \/>\n<meta property=\"og:locale\" content=\"en_US\" \/>\n<meta property=\"og:type\" content=\"article\" \/>\n<meta property=\"og:title\" content=\"Klicks pro Minute (60-Sekunden-CPS-Test)\" \/>\n<meta property=\"og:description\" content=\"Testen Sie Ihre Klicks pro Minute mit dem 60-Sekunden-CPS-Test! Verbessern Sie Ihre Klickrate mit Tipps, Tricks und Techniken.\" \/>\n<meta property=\"og:url\" content=\"https:\/\/clicktester.net\/de\/klicks-pro-minute\/\" \/>\n<meta property=\"og:site_name\" content=\"Click Tester\" \/>\n<meta property=\"article:modified_time\" content=\"2023-06-16T10:14:12+00:00\" \/>\n<meta name=\"twitter:card\" content=\"summary_large_image\" \/>\n<meta name=\"twitter:label1\" content=\"Est. reading time\" \/>\n\t<meta name=\"twitter:data1\" content=\"2 minutes\" \/>\n<script type=\"application\/ld+json\" class=\"yoast-schema-graph\">{\"@context\":\"https:\\\/\\\/schema.org\",\"@graph\":[{\"@type\":\"WebPage\",\"@id\":\"https:\\\/\\\/clicktester.net\\\/de\\\/klicks-pro-minute\\\/\",\"url\":\"https:\\\/\\\/clicktester.net\\\/de\\\/klicks-pro-minute\\\/\",\"name\":\"Klicks pro Minute (60-Sekunden-CPS-Test)\",\"isPartOf\":{\"@id\":\"https:\\\/\\\/clicktester.net\\\/de\\\/#website\"},\"datePublished\":\"2023-03-27T13:45:46+00:00\",\"dateModified\":\"2023-06-16T10:14:12+00:00\",\"description\":\"Testen Sie Ihre Klicks pro Minute mit dem 60-Sekunden-CPS-Test! Verbessern Sie Ihre Klickrate mit Tipps, Tricks und Techniken.\",\"breadcrumb\":{\"@id\":\"https:\\\/\\\/clicktester.net\\\/de\\\/klicks-pro-minute\\\/#breadcrumb\"},\"inLanguage\":\"en-US\",\"potentialAction\":[{\"@type\":\"ReadAction\",\"target\":[\"https:\\\/\\\/clicktester.net\\\/de\\\/klicks-pro-minute\\\/\"]}]},{\"@type\":\"BreadcrumbList\",\"@id\":\"https:\\\/\\\/clicktester.net\\\/de\\\/klicks-pro-minute\\\/#breadcrumb\",\"itemListElement\":[{\"@type\":\"ListItem\",\"position\":1,\"name\":\"Home\",\"item\":\"https:\\\/\\\/clicktester.net\\\/de\\\/\"},{\"@type\":\"ListItem\",\"position\":2,\"name\":\"Klicks pro Minute\"}]},{\"@type\":\"WebSite\",\"@id\":\"https:\\\/\\\/clicktester.net\\\/de\\\/#website\",\"url\":\"https:\\\/\\\/clicktester.net\\\/de\\\/\",\"name\":\"Click Tester\",\"description\":\"Test Your Click Speed\",\"publisher\":{\"@id\":\"https:\\\/\\\/clicktester.net\\\/de\\\/#organization\"},\"potentialAction\":[{\"@type\":\"SearchAction\",\"target\":{\"@type\":\"EntryPoint\",\"urlTemplate\":\"https:\\\/\\\/clicktester.net\\\/de\\\/?s={search_term_string}\"},\"query-input\":{\"@type\":\"PropertyValueSpecification\",\"valueRequired\":true,\"valueName\":\"search_term_string\"}}],\"inLanguage\":\"en-US\"},{\"@type\":\"Organization\",\"@id\":\"https:\\\/\\\/clicktester.net\\\/de\\\/#organization\",\"name\":\"Click Tester\",\"url\":\"https:\\\/\\\/clicktester.net\\\/de\\\/\",\"logo\":{\"@type\":\"ImageObject\",\"inLanguage\":\"en-US\",\"@id\":\"https:\\\/\\\/clicktester.net\\\/de\\\/#\\\/schema\\\/logo\\\/image\\\/\",\"url\":\"https:\\\/\\\/clicktester.net\\\/de\\\/wp-content\\\/uploads\\\/2023\\\/03\\\/click-tester-2.png\",\"contentUrl\":\"https:\\\/\\\/clicktester.net\\\/de\\\/wp-content\\\/uploads\\\/2023\\\/03\\\/click-tester-2.png\",\"width\":350,\"height\":70,\"caption\":\"Click Tester\"},\"image\":{\"@id\":\"https:\\\/\\\/clicktester.net\\\/de\\\/#\\\/schema\\\/logo\\\/image\\\/\"}}]}<\/script>\n<!-- \/ Yoast SEO plugin. -->","yoast_head_json":{"title":"Klicks pro Minute (60-Sekunden-CPS-Test)","description":"Testen Sie Ihre Klicks pro Minute mit dem 60-Sekunden-CPS-Test! Verbessern Sie Ihre Klickrate mit Tipps, Tricks und Techniken.","robots":{"index":"index","follow":"follow","max-snippet":"max-snippet:-1","max-image-preview":"max-image-preview:large","max-video-preview":"max-video-preview:-1"},"canonical":"https:\/\/clicktester.net\/de\/klicks-pro-minute\/","og_locale":"en_US","og_type":"article","og_title":"Klicks pro Minute (60-Sekunden-CPS-Test)","og_description":"Testen Sie Ihre Klicks pro Minute mit dem 60-Sekunden-CPS-Test! Verbessern Sie Ihre Klickrate mit Tipps, Tricks und Techniken.","og_url":"https:\/\/clicktester.net\/de\/klicks-pro-minute\/","og_site_name":"Click Tester","article_modified_time":"2023-06-16T10:14:12+00:00","twitter_card":"summary_large_image","twitter_misc":{"Est. reading time":"2 minutes"},"schema":{"@context":"https:\/\/schema.org","@graph":[{"@type":"WebPage","@id":"https:\/\/clicktester.net\/de\/klicks-pro-minute\/","url":"https:\/\/clicktester.net\/de\/klicks-pro-minute\/","name":"Klicks pro Minute (60-Sekunden-CPS-Test)","isPartOf":{"@id":"https:\/\/clicktester.net\/de\/#website"},"datePublished":"2023-03-27T13:45:46+00:00","dateModified":"2023-06-16T10:14:12+00:00","description":"Testen Sie Ihre Klicks pro Minute mit dem 60-Sekunden-CPS-Test! Verbessern Sie Ihre Klickrate mit Tipps, Tricks und Techniken.","breadcrumb":{"@id":"https:\/\/clicktester.net\/de\/klicks-pro-minute\/#breadcrumb"},"inLanguage":"en-US","potentialAction":[{"@type":"ReadAction","target":["https:\/\/clicktester.net\/de\/klicks-pro-minute\/"]}]},{"@type":"BreadcrumbList","@id":"https:\/\/clicktester.net\/de\/klicks-pro-minute\/#breadcrumb","itemListElement":[{"@type":"ListItem","position":1,"name":"Home","item":"https:\/\/clicktester.net\/de\/"},{"@type":"ListItem","position":2,"name":"Klicks pro Minute"}]},{"@type":"WebSite","@id":"https:\/\/clicktester.net\/de\/#website","url":"https:\/\/clicktester.net\/de\/","name":"Click Tester","description":"Test Your Click Speed","publisher":{"@id":"https:\/\/clicktester.net\/de\/#organization"},"potentialAction":[{"@type":"SearchAction","target":{"@type":"EntryPoint","urlTemplate":"https:\/\/clicktester.net\/de\/?s={search_term_string}"},"query-input":{"@type":"PropertyValueSpecification","valueRequired":true,"valueName":"search_term_string"}}],"inLanguage":"en-US"},{"@type":"Organization","@id":"https:\/\/clicktester.net\/de\/#organization","name":"Click Tester","url":"https:\/\/clicktester.net\/de\/","logo":{"@type":"ImageObject","inLanguage":"en-US","@id":"https:\/\/clicktester.net\/de\/#\/schema\/logo\/image\/","url":"https:\/\/clicktester.net\/de\/wp-content\/uploads\/2023\/03\/click-tester-2.png","contentUrl":"https:\/\/clicktester.net\/de\/wp-content\/uploads\/2023\/03\/click-tester-2.png","width":350,"height":70,"caption":"Click Tester"},"image":{"@id":"https:\/\/clicktester.net\/de\/#\/schema\/logo\/image\/"}}]}},"_links":{"self":[{"href":"https:\/\/clicktester.net\/de\/wp-json\/wp\/v2\/pages\/131","targetHints":{"allow":["GET"]}}],"collection":[{"href":"https:\/\/clicktester.net\/de\/wp-json\/wp\/v2\/pages"}],"about":[{"href":"https:\/\/clicktester.net\/de\/wp-json\/wp\/v2\/types\/page"}],"author":[{"embeddable":true,"href":"https:\/\/clicktester.net\/de\/wp-json\/wp\/v2\/users\/1"}],"replies":[{"embeddable":true,"href":"https:\/\/clicktester.net\/de\/wp-json\/wp\/v2\/comments?post=131"}],"version-history":[{"count":12,"href":"https:\/\/clicktester.net\/de\/wp-json\/wp\/v2\/pages\/131\/revisions"}],"predecessor-version":[{"id":316,"href":"https:\/\/clicktester.net\/de\/wp-json\/wp\/v2\/pages\/131\/revisions\/316"}],"wp:attachment":[{"href":"https:\/\/clicktester.net\/de\/wp-json\/wp\/v2\/media?parent=131"}],"curies":[{"name":"wp","href":"https:\/\/api.w.org\/{rel}","templated":true}]}}