{"id":128,"date":"2023-03-27T13:45:27","date_gmt":"2023-03-27T13:45:27","guid":{"rendered":"https:\/\/clicktester.net\/?page_id=128"},"modified":"2023-06-16T10:07:12","modified_gmt":"2023-06-16T10:07:12","slug":"30-sekunden-klicktest","status":"publish","type":"page","link":"https:\/\/clicktester.net\/de\/30-sekunden-klicktest\/","title":{"rendered":"30 Sekunden Klicktest"},"content":{"rendered":"\n<h1 class=\"wp-block-heading has-text-align-center\">30 Sekunden Klicktest(30 Sekunden CPS Test)<\/h1>\n\n\n <link href=\"\/js\/newoutput.56c1953f3e31.css\" rel=\"stylesheet\" type=\"text\/css\" \/>\r\n  \r\n              <div class=\"row\">\r\n            <div class=\"card radius-15\" style=\"position: inherit\">\r\n              <div class=\"row\">\r\n                <div class=\"mt-3\">\r\n                  <div class=\"col-12 col-lg-12 col-xl-12\">\r\n                    <div class=\"row text-center\">\r\n                      <div class=\"col-12 col-lg-4\">\r\n                        <div class=\"card cps-gradient-16 radius-15 p-3\">\r\n                          <span\r\n                            id=\"clicks\"\r\n                            style=\"font-size: 1.3rem; font-weight: 500\"\r\n                            >0<\/span\r\n                          >\r\n                          <small>CPS<\/small>\r\n                        <\/div>\r\n                      <\/div>\r\n                      <div class=\"col-12 col-lg-4\">\r\n                        <div class=\"card cps-gradient-9 radius-15 p-3\">\r\n                          <span\r\n                            id=\"score\"\r\n                            style=\"font-size: 1.3rem; font-weight: 500\"\r\n                            >0<\/span\r\n                          >\r\n                          <small>Score<\/small>\r\n                        <\/div>\r\n                      <\/div>\r\n                      <div class=\"col-12 col-lg-4\">\r\n                        <div class=\"card cps-gradient-1 radius-15 p-3\">\r\n                          <span\r\n                            id=\"timer\"\r\n                            style=\"font-size: 1.3rem; font-weight: 500\"\r\n                            >0<\/span\r\n                          >\r\n                          <small>Timer<\/small>\r\n                        <\/div>\r\n                      <\/div>\r\n                      <input\r\n                        id=\"cpsTimerInput\"\r\n                        type=\"hidden\"\r\n                        value=\"30\"\r\n                      \/><input\r\n                        id=\"localStorage1\"\r\n                        type=\"hidden\"\r\n                        value=\"30second\"\r\n                      \/><input\r\n                        id=\"localStorage2\"\r\n                        type=\"hidden\"\r\n                        value=\"30secSc\"\r\n                      \/>\r\n                    <\/div>\r\n                    <div class=\"card radius-15\" style=\"position: inherit\">\r\n                      <div class=\"btn clicksPerSecondRipple\" id=\"clickarea\">\r\n                        <button\r\n                          class=\"cps-gradient-34 radius-15\"\r\n                          id=\"start\"\r\n                          type=\"button\"\r\n                        >\r\n                          START TEST\r\n                        <\/button>\r\n                      <\/div>\r\n                    <\/div>\r\n                  <\/div>\r\n                <\/div>\r\n               \r\n                <\/div>\r\n              <\/div>\r\n              <div\r\n                aria-hidden=\"true\"\r\n                class=\"modal fade show\"\r\n                id=\"clickspersecondtestmodal\"\r\n                style=\"display: none\">\r\n                <div class=\"modal-dialog modal-lg\">\r\n                  <div class=\"modal-content radius-15 cps-gradient-21\">\r\n                    <div class=\"modal-header px-3\">\r\n                      <div class=\"modal-title\" style=\"font-size: 24px\">\r\n                        Result\r\n                      <\/div>\r\n                      <button\r\n                        aria-label=\"close\"\r\n                        class=\"btn btn-light\"\r\n                        data-bs-dismiss=\"modal\"\r\n                        type=\"button\"\r\n                      >\r\n                        <span aria-hidden=\"true\">X<\/span>\r\n                      <\/button>\r\n                    <\/div>\r\n                    <div class=\"col-12 col-lg-12 col-xl-12 radius-15 px-3\">\r\n                      <div class=\"card radius-15 mt-3\">\r\n                        <div class=\"card-body radius-15\">\r\n                          <div class=\"row row-group align-items-center\">\r\n                            <div class=\"col-12 col-lg-8 text-center p-3\">\r\n                              <div style=\"font-size: 30px\">\r\n                                You\u2019re a\r\n                                <b style=\"color: yellow\"\r\n                                  ><i id=\"rankname\"><\/i\r\n                                ><\/b>\r\n                              <\/div>\r\n                              <div id=\"rankratings\"><\/div>\r\n                              <div\r\n                                class=\"col-12 col-lg-12 col-xl-12 radius-15 px-3\"\r\n                              >\r\n                                <div\r\n                                  class=\"card-body cps-gradient-9 radius-15 mt-3\"\r\n                                >\r\n                                  <div style=\"font-size: 20px\">\r\n                                    Your clicking speed is\r\n                                    <b style=\"font-size: 25px; color: yellow\"\r\n                                      ><span class=\"cscore\"><\/span> CPS<\/b\r\n                                    >\r\n                                  <\/div>\r\n                                  <div style=\"font-size: 20px\">\r\n                                    You made\r\n                                    <b style=\"font-size: 25px; color: yellow\"\r\n                                      ><span class=\"sscore\"><\/span> Clicks<\/b\r\n                                    >\r\n                                    in\r\n                                    <b style=\"font-size: 25px; color: yellow\"\r\n                                      ><span class=\"time\"><\/span> Second<\/b\r\n                                    >\r\n                                  <\/div>\r\n                                <\/div>\r\n                              <\/div>\r\n                            <\/div>\r\n                            <div\r\n                              class=\"col-12 col-lg-4 text-center p-3\"\r\n                              id=\"rankimage\"\r\n                            ><\/div>\r\n                          <\/div>\r\n                          <hr \/>\r\n                          <div class=\"text-center\" style=\"font-size: 20px\">\r\n                            <b id=\"ranktext\"\r\n                              >Stop feeling sorry for yourself, don't be a\r\n                              looser.<\/b\r\n                            >\r\n                          <\/div>\r\n                        <\/div>\r\n                      <\/div>\r\n                    <\/div>\r\n                    <div class=\"row text-center\">\r\n                      <div class=\"col-md-12\">\r\n                        <button\r\n                          aria-label=\"close\"\r\n                          class=\"cps-gradient-9 btn btn-lg\"\r\n                          data-bs-dismiss=\"modal\"\r\n                          type=\"button\"\r\n                        >\r\n                          <span aria-hidden=\"true\"><b>TRY AGAIN<\/b><\/span>\r\n                        <\/button>\r\n                        <hr \/>\r\n                        <div class=\"row m-3\">\r\n                          <div style=\"font-size: 20px\">\r\n                            Try Next Challenges!\r\n                          <\/div>\r\n                          <div class=\"container-fluid\">\r\n                            <div class=\"row mt-3\">\r\n                              <div class=\"col-12 col-lg-6 col-xl-6\">\r\n                                <div\r\n                                  class=\"card cps-gradient-9 btn-hand radius-15\"\r\n                                >\r\n                                  <a href=\"\/5-second-click-test\"\r\n                                    ><div class=\"card-body p-2\">\r\n                                      <span\r\n                                        style=\"\r\n                                          font-size: 1rem;\r\n                                          font-weight: 400;\r\n                                        \"\r\n                                        >5 Second<\/span\r\n                                      >\r\n                                    <\/div><\/a\r\n                                  >\r\n                                <\/div>\r\n                              <\/div>\r\n                              <div class=\"col-12 col-lg-6 col-xl-6\">\r\n                                <div\r\n                                  class=\"card cps-gradient-16 btn-hand radius-15\"\r\n                                >\r\n                                  <a href=\"\/30-second-click-test\"\r\n                                    ><div class=\"card-body p-2\">\r\n                                      <span\r\n                                        style=\"\r\n                                          font-size: 1rem;\r\n                                          font-weight: 400;\r\n                                        \"\r\n                                        >30 Second<\/span\r\n                                      >\r\n                                    <\/div><\/a\r\n                                  >\r\n                                <\/div>\r\n                              <\/div>\r\n                            <\/div>\r\n                          <\/div>\r\n                        <\/div>\r\n                      <\/div>\r\n                    <\/div>\r\n                  <\/div>\r\n                <\/div>\r\n              <\/div>\r\n            <\/div>\r\n          <\/div>\r\n          <div class=\"row\">\r\n            <div\r\n              class=\"col-md-12 text-center\"\r\n              data-ad-refresh=\"true\"\r\n              data-adslot=\"\/21855545885\/clicktester.net\/ATF\"\r\n              data-size-desktop=\"[[728,90]]\"\r\n              data-size-mobile=\"[[320,50]]\"\r\n            ><\/div>\r\n          <\/div>\r\n         \r\n   \r\n<script src=\"\/js\/output.574e65e6155e.js\"><\/script>\r\n    <script src=\"\/js\/clickspersecond.js\"><\/script>\r\n\t  \n\n\n\n<hr class=\"wp-block-separator has-alpha-channel-opacity\"\/>\n\n\n\n<h2 class=\"wp-block-heading\"><strong>30-Sekunden-CPS-Test: Die ultimative Herausforderung f\u00fcr Gamer und Profis<\/strong><\/h2>\n\n\n\n<p>Bist du ein leidenschaftlicher Gamer oder ein besch\u00e4ftigter Profi, der seine Klickgeschwindigkeit verbessern m\u00f6chte? Suchen Sie nicht weiter, denn der 30-Sekunden-CPS-Test ist hier f\u00fcr Sie! Dieses aufregende Werkzeug misst Ihre Klicks pro Sekunde (CPS) und hilft Ihnen, Ihre Leistung zu verbessern, egal ob Sie ein Casual-User oder ein dedizierter Gamer sind. Begleiten Sie uns, wenn wir in die Welt des CPS-Tests eintauchen und erfahren Sie, warum der 30-Sekunden-CPS-Test Ihr Go-to-Ressource ist, um Ihre Klickgeschwindigkeit zu meistern.<\/p>\n\n\n\n<h3 class=\"wp-block-heading\"><strong>Was ist der 30-Sekunden-CPS-Test?<\/strong><\/h3>\n\n\n\n<p>Der 30-Sekunden-CPS-Test ist ein Online-Werkzeug, das die Anzahl der Klicks misst, die Sie innerhalb von 30 Sekunden in einem bestimmten Bereich ausf\u00fchren k\u00f6nnen. Es ist darauf ausgelegt, Einzelpersonen, insbesondere Gamer und Profis, dabei zu helfen, ihre Klickgeschwindigkeit und Hand-Augen-Koordination zu verbessern. Mit verschiedenen Anwendungen, einschlie\u00dflich der Verbesserung Ihrer Spielkraft und der Steigerung Ihrer Gesamteffizienz, ist der 30-Sekunden-CPS-Test ein Muss f\u00fcr jeden!<\/p>\n","protected":false},"excerpt":{"rendered":"<p>30 Sekunden Klicktest(30 Sekunden CPS Test) 30-Sekunden-CPS-Test: Die ultimative Herausforderung f\u00fcr Gamer und Profis Bist du ein leidenschaftlicher Gamer oder ein besch\u00e4ftigter Profi, der seine Klickgeschwindigkeit verbessern m\u00f6chte? Suchen Sie nicht weiter, denn der 30-Sekunden-CPS-Test ist hier f\u00fcr Sie! Dieses aufregende Werkzeug misst Ihre Klicks pro Sekunde (CPS) und hilft Ihnen, Ihre Leistung zu verbessern, &#8230; <a title=\"30 Sekunden Klicktest\" class=\"read-more\" href=\"https:\/\/clicktester.net\/de\/30-sekunden-klicktest\/\" aria-label=\"Read more about 30 Sekunden Klicktest\">Read more<\/a><\/p>\n","protected":false},"author":1,"featured_media":0,"parent":0,"menu_order":0,"comment_status":"closed","ping_status":"closed","template":"","meta":{"footnotes":""},"class_list":["post-128","page","type-page","status-publish"],"yoast_head":"<!-- This site is optimized with the Yoast SEO plugin v27.5 - https:\/\/yoast.com\/product\/yoast-seo-wordpress\/ -->\n<title>30 Sekunden Klicktest - Click Tester<\/title>\n<meta name=\"description\" content=\"Steigern Sie Ihre Klickgeschwindigkeit und Ihre Spieleleistung mit dem 30-Sekunden-Klicktest. Entdecken Sie Tipps und Tricks.\" \/>\n<meta name=\"robots\" content=\"index, follow, max-snippet:-1, max-image-preview:large, max-video-preview:-1\" \/>\n<link rel=\"canonical\" href=\"https:\/\/clicktester.net\/de\/30-sekunden-klicktest\/\" \/>\n<meta property=\"og:locale\" content=\"en_US\" \/>\n<meta property=\"og:type\" content=\"article\" \/>\n<meta property=\"og:title\" content=\"30 Sekunden Klicktest - Click Tester\" \/>\n<meta property=\"og:description\" content=\"Steigern Sie Ihre Klickgeschwindigkeit und Ihre Spieleleistung mit dem 30-Sekunden-Klicktest. Entdecken Sie Tipps und Tricks.\" \/>\n<meta property=\"og:url\" content=\"https:\/\/clicktester.net\/de\/30-sekunden-klicktest\/\" \/>\n<meta property=\"og:site_name\" content=\"Click Tester\" \/>\n<meta property=\"article:modified_time\" content=\"2023-06-16T10:07:12+00:00\" \/>\n<meta name=\"twitter:card\" content=\"summary_large_image\" \/>\n<meta name=\"twitter:label1\" content=\"Est. reading time\" \/>\n\t<meta name=\"twitter:data1\" content=\"1 minute\" \/>\n<script type=\"application\/ld+json\" class=\"yoast-schema-graph\">{\"@context\":\"https:\\\/\\\/schema.org\",\"@graph\":[{\"@type\":\"WebPage\",\"@id\":\"https:\\\/\\\/clicktester.net\\\/de\\\/30-sekunden-klicktest\\\/\",\"url\":\"https:\\\/\\\/clicktester.net\\\/de\\\/30-sekunden-klicktest\\\/\",\"name\":\"30 Sekunden Klicktest - Click Tester\",\"isPartOf\":{\"@id\":\"https:\\\/\\\/clicktester.net\\\/de\\\/#website\"},\"datePublished\":\"2023-03-27T13:45:27+00:00\",\"dateModified\":\"2023-06-16T10:07:12+00:00\",\"description\":\"Steigern Sie Ihre Klickgeschwindigkeit und Ihre Spieleleistung mit dem 30-Sekunden-Klicktest. Entdecken Sie Tipps und Tricks.\",\"breadcrumb\":{\"@id\":\"https:\\\/\\\/clicktester.net\\\/de\\\/30-sekunden-klicktest\\\/#breadcrumb\"},\"inLanguage\":\"en-US\",\"potentialAction\":[{\"@type\":\"ReadAction\",\"target\":[\"https:\\\/\\\/clicktester.net\\\/de\\\/30-sekunden-klicktest\\\/\"]}]},{\"@type\":\"BreadcrumbList\",\"@id\":\"https:\\\/\\\/clicktester.net\\\/de\\\/30-sekunden-klicktest\\\/#breadcrumb\",\"itemListElement\":[{\"@type\":\"ListItem\",\"position\":1,\"name\":\"Home\",\"item\":\"https:\\\/\\\/clicktester.net\\\/de\\\/\"},{\"@type\":\"ListItem\",\"position\":2,\"name\":\"30 Sekunden Klicktest\"}]},{\"@type\":\"WebSite\",\"@id\":\"https:\\\/\\\/clicktester.net\\\/de\\\/#website\",\"url\":\"https:\\\/\\\/clicktester.net\\\/de\\\/\",\"name\":\"Click Tester\",\"description\":\"Test Your Click Speed\",\"publisher\":{\"@id\":\"https:\\\/\\\/clicktester.net\\\/de\\\/#organization\"},\"potentialAction\":[{\"@type\":\"SearchAction\",\"target\":{\"@type\":\"EntryPoint\",\"urlTemplate\":\"https:\\\/\\\/clicktester.net\\\/de\\\/?s={search_term_string}\"},\"query-input\":{\"@type\":\"PropertyValueSpecification\",\"valueRequired\":true,\"valueName\":\"search_term_string\"}}],\"inLanguage\":\"en-US\"},{\"@type\":\"Organization\",\"@id\":\"https:\\\/\\\/clicktester.net\\\/de\\\/#organization\",\"name\":\"Click Tester\",\"url\":\"https:\\\/\\\/clicktester.net\\\/de\\\/\",\"logo\":{\"@type\":\"ImageObject\",\"inLanguage\":\"en-US\",\"@id\":\"https:\\\/\\\/clicktester.net\\\/de\\\/#\\\/schema\\\/logo\\\/image\\\/\",\"url\":\"https:\\\/\\\/clicktester.net\\\/de\\\/wp-content\\\/uploads\\\/2023\\\/03\\\/click-tester-2.png\",\"contentUrl\":\"https:\\\/\\\/clicktester.net\\\/de\\\/wp-content\\\/uploads\\\/2023\\\/03\\\/click-tester-2.png\",\"width\":350,\"height\":70,\"caption\":\"Click Tester\"},\"image\":{\"@id\":\"https:\\\/\\\/clicktester.net\\\/de\\\/#\\\/schema\\\/logo\\\/image\\\/\"}}]}<\/script>\n<!-- \/ Yoast SEO plugin. -->","yoast_head_json":{"title":"30 Sekunden Klicktest - Click Tester","description":"Steigern Sie Ihre Klickgeschwindigkeit und Ihre Spieleleistung mit dem 30-Sekunden-Klicktest. Entdecken Sie Tipps und Tricks.","robots":{"index":"index","follow":"follow","max-snippet":"max-snippet:-1","max-image-preview":"max-image-preview:large","max-video-preview":"max-video-preview:-1"},"canonical":"https:\/\/clicktester.net\/de\/30-sekunden-klicktest\/","og_locale":"en_US","og_type":"article","og_title":"30 Sekunden Klicktest - Click Tester","og_description":"Steigern Sie Ihre Klickgeschwindigkeit und Ihre Spieleleistung mit dem 30-Sekunden-Klicktest. Entdecken Sie Tipps und Tricks.","og_url":"https:\/\/clicktester.net\/de\/30-sekunden-klicktest\/","og_site_name":"Click Tester","article_modified_time":"2023-06-16T10:07:12+00:00","twitter_card":"summary_large_image","twitter_misc":{"Est. reading time":"1 minute"},"schema":{"@context":"https:\/\/schema.org","@graph":[{"@type":"WebPage","@id":"https:\/\/clicktester.net\/de\/30-sekunden-klicktest\/","url":"https:\/\/clicktester.net\/de\/30-sekunden-klicktest\/","name":"30 Sekunden Klicktest - Click Tester","isPartOf":{"@id":"https:\/\/clicktester.net\/de\/#website"},"datePublished":"2023-03-27T13:45:27+00:00","dateModified":"2023-06-16T10:07:12+00:00","description":"Steigern Sie Ihre Klickgeschwindigkeit und Ihre Spieleleistung mit dem 30-Sekunden-Klicktest. Entdecken Sie Tipps und Tricks.","breadcrumb":{"@id":"https:\/\/clicktester.net\/de\/30-sekunden-klicktest\/#breadcrumb"},"inLanguage":"en-US","potentialAction":[{"@type":"ReadAction","target":["https:\/\/clicktester.net\/de\/30-sekunden-klicktest\/"]}]},{"@type":"BreadcrumbList","@id":"https:\/\/clicktester.net\/de\/30-sekunden-klicktest\/#breadcrumb","itemListElement":[{"@type":"ListItem","position":1,"name":"Home","item":"https:\/\/clicktester.net\/de\/"},{"@type":"ListItem","position":2,"name":"30 Sekunden Klicktest"}]},{"@type":"WebSite","@id":"https:\/\/clicktester.net\/de\/#website","url":"https:\/\/clicktester.net\/de\/","name":"Click Tester","description":"Test Your Click Speed","publisher":{"@id":"https:\/\/clicktester.net\/de\/#organization"},"potentialAction":[{"@type":"SearchAction","target":{"@type":"EntryPoint","urlTemplate":"https:\/\/clicktester.net\/de\/?s={search_term_string}"},"query-input":{"@type":"PropertyValueSpecification","valueRequired":true,"valueName":"search_term_string"}}],"inLanguage":"en-US"},{"@type":"Organization","@id":"https:\/\/clicktester.net\/de\/#organization","name":"Click Tester","url":"https:\/\/clicktester.net\/de\/","logo":{"@type":"ImageObject","inLanguage":"en-US","@id":"https:\/\/clicktester.net\/de\/#\/schema\/logo\/image\/","url":"https:\/\/clicktester.net\/de\/wp-content\/uploads\/2023\/03\/click-tester-2.png","contentUrl":"https:\/\/clicktester.net\/de\/wp-content\/uploads\/2023\/03\/click-tester-2.png","width":350,"height":70,"caption":"Click Tester"},"image":{"@id":"https:\/\/clicktester.net\/de\/#\/schema\/logo\/image\/"}}]}},"_links":{"self":[{"href":"https:\/\/clicktester.net\/de\/wp-json\/wp\/v2\/pages\/128","targetHints":{"allow":["GET"]}}],"collection":[{"href":"https:\/\/clicktester.net\/de\/wp-json\/wp\/v2\/pages"}],"about":[{"href":"https:\/\/clicktester.net\/de\/wp-json\/wp\/v2\/types\/page"}],"author":[{"embeddable":true,"href":"https:\/\/clicktester.net\/de\/wp-json\/wp\/v2\/users\/1"}],"replies":[{"embeddable":true,"href":"https:\/\/clicktester.net\/de\/wp-json\/wp\/v2\/comments?post=128"}],"version-history":[{"count":6,"href":"https:\/\/clicktester.net\/de\/wp-json\/wp\/v2\/pages\/128\/revisions"}],"predecessor-version":[{"id":310,"href":"https:\/\/clicktester.net\/de\/wp-json\/wp\/v2\/pages\/128\/revisions\/310"}],"wp:attachment":[{"href":"https:\/\/clicktester.net\/de\/wp-json\/wp\/v2\/media?parent=128"}],"curies":[{"name":"wp","href":"https:\/\/api.w.org\/{rel}","templated":true}]}}