{"id":125,"date":"2023-03-27T13:44:56","date_gmt":"2023-03-27T13:44:56","guid":{"rendered":"https:\/\/clicktester.net\/?page_id=125"},"modified":"2023-06-16T10:06:38","modified_gmt":"2023-06-16T10:06:38","slug":"15-sekunden-klicktest","status":"publish","type":"page","link":"https:\/\/clicktester.net\/de\/15-sekunden-klicktest\/","title":{"rendered":"15 Sekunden Klicktest"},"content":{"rendered":"\n<h1 class=\"wp-block-heading has-text-align-center\">15 Sekunden Klicktest(15 Sekunden CPS Test)<\/h1>\n\n\n <link href=\"\/js\/newoutput.56c1953f3e31.css\" rel=\"stylesheet\" type=\"text\/css\" \/>\r\n  \r\n              <div class=\"row\">\r\n            <div class=\"card radius-15\" style=\"position: inherit\">\r\n              <div class=\"row\">\r\n                <div class=\"mt-3\">\r\n                  <div class=\"col-12 col-lg-12 col-xl-12\">\r\n                    <div class=\"row text-center\">\r\n                      <div class=\"col-12 col-lg-4\">\r\n                        <div class=\"card cps-gradient-16 radius-15 p-3\">\r\n                          <span\r\n                            id=\"clicks\"\r\n                            style=\"font-size: 1.3rem; font-weight: 500\"\r\n                            >0<\/span\r\n                          >\r\n                          <small>CPS<\/small>\r\n                        <\/div>\r\n                      <\/div>\r\n                      <div class=\"col-12 col-lg-4\">\r\n                        <div class=\"card cps-gradient-9 radius-15 p-3\">\r\n                          <span\r\n                            id=\"score\"\r\n                            style=\"font-size: 1.3rem; font-weight: 500\"\r\n                            >0<\/span\r\n                          >\r\n                          <small>Score<\/small>\r\n                        <\/div>\r\n                      <\/div>\r\n                      <div class=\"col-12 col-lg-4\">\r\n                        <div class=\"card cps-gradient-1 radius-15 p-3\">\r\n                          <span\r\n                            id=\"timer\"\r\n                            style=\"font-size: 1.3rem; font-weight: 500\"\r\n                            >0<\/span\r\n                          >\r\n                          <small>Timer<\/small>\r\n                        <\/div>\r\n                      <\/div>\r\n                      <input\r\n                        id=\"cpsTimerInput\"\r\n                        type=\"hidden\"\r\n                        value=\"15\"\r\n                      \/><input\r\n                        id=\"localStorage1\"\r\n                        type=\"hidden\"\r\n                        value=\"15second\"\r\n                      \/><input\r\n                        id=\"localStorage2\"\r\n                        type=\"hidden\"\r\n                        value=\"15secSc\"\r\n                      \/>\r\n                    <\/div>\r\n                    <div class=\"card radius-15\" style=\"position: inherit\">\r\n                      <div class=\"btn clicksPerSecondRipple\" id=\"clickarea\">\r\n                        <button\r\n                          class=\"cps-gradient-34 radius-15\"\r\n                          id=\"start\"\r\n                          type=\"button\"\r\n                        >\r\n                          START TEST\r\n                        <\/button>\r\n                      <\/div>\r\n                    <\/div>\r\n                  <\/div>\r\n                <\/div>\r\n               \r\n                <\/div>\r\n              <\/div>\r\n              <div\r\n                aria-hidden=\"true\"\r\n                class=\"modal fade show\"\r\n                id=\"clickspersecondtestmodal\"\r\n                style=\"display: none\">\r\n                <div class=\"modal-dialog modal-lg\">\r\n                  <div class=\"modal-content radius-15 cps-gradient-21\">\r\n                    <div class=\"modal-header px-3\">\r\n                      <div class=\"modal-title\" style=\"font-size: 24px\">\r\n                        Result\r\n                      <\/div>\r\n                      <button\r\n                        aria-label=\"close\"\r\n                        class=\"btn btn-light\"\r\n                        data-bs-dismiss=\"modal\"\r\n                        type=\"button\"\r\n                      >\r\n                        <span aria-hidden=\"true\">X<\/span>\r\n                      <\/button>\r\n                    <\/div>\r\n                    <div class=\"col-12 col-lg-12 col-xl-12 radius-15 px-3\">\r\n                      <div class=\"card radius-15 mt-3\">\r\n                        <div class=\"card-body radius-15\">\r\n                          <div class=\"row row-group align-items-center\">\r\n                            <div class=\"col-12 col-lg-8 text-center p-3\">\r\n                              <div style=\"font-size: 30px\">\r\n                                You\u2019re a\r\n                                <b style=\"color: yellow\"\r\n                                  ><i id=\"rankname\"><\/i\r\n                                ><\/b>\r\n                              <\/div>\r\n                              <div id=\"rankratings\"><\/div>\r\n                              <div\r\n                                class=\"col-12 col-lg-12 col-xl-12 radius-15 px-3\"\r\n                              >\r\n                                <div\r\n                                  class=\"card-body cps-gradient-9 radius-15 mt-3\"\r\n                                >\r\n                                  <div style=\"font-size: 20px\">\r\n                                    Your clicking speed is\r\n                                    <b style=\"font-size: 25px; color: yellow\"\r\n                                      ><span class=\"cscore\"><\/span> CPS<\/b\r\n                                    >\r\n                                  <\/div>\r\n                                  <div style=\"font-size: 20px\">\r\n                                    You made\r\n                                    <b style=\"font-size: 25px; color: yellow\"\r\n                                      ><span class=\"sscore\"><\/span> Clicks<\/b\r\n                                    >\r\n                                    in\r\n                                    <b style=\"font-size: 25px; color: yellow\"\r\n                                      ><span class=\"time\"><\/span> Second<\/b\r\n                                    >\r\n                                  <\/div>\r\n                                <\/div>\r\n                              <\/div>\r\n                            <\/div>\r\n                            <div\r\n                              class=\"col-12 col-lg-4 text-center p-3\"\r\n                              id=\"rankimage\"\r\n                            ><\/div>\r\n                          <\/div>\r\n                          <hr \/>\r\n                          <div class=\"text-center\" style=\"font-size: 20px\">\r\n                            <b id=\"ranktext\"\r\n                              >Stop feeling sorry for yourself, don't be a\r\n                              looser.<\/b\r\n                            >\r\n                          <\/div>\r\n                        <\/div>\r\n                      <\/div>\r\n                    <\/div>\r\n                    <div class=\"row text-center\">\r\n                      <div class=\"col-md-12\">\r\n                        <button\r\n                          aria-label=\"close\"\r\n                          class=\"cps-gradient-9 btn btn-lg\"\r\n                          data-bs-dismiss=\"modal\"\r\n                          type=\"button\"\r\n                        >\r\n                          <span aria-hidden=\"true\"><b>TRY AGAIN<\/b><\/span>\r\n                        <\/button>\r\n                        <hr \/>\r\n                        <div class=\"row m-3\">\r\n                          <div style=\"font-size: 20px\">\r\n                            Try Next Challenges!\r\n                          <\/div>\r\n                          <div class=\"container-fluid\">\r\n                            <div class=\"row mt-3\">\r\n                              <div class=\"col-12 col-lg-6 col-xl-6\">\r\n                                <div\r\n                                  class=\"card cps-gradient-9 btn-hand radius-15\"\r\n                                >\r\n                                  <a href=\"\/5-second-click-test\"\r\n                                    ><div class=\"card-body p-2\">\r\n                                      <span\r\n                                        style=\"\r\n                                          font-size: 1rem;\r\n                                          font-weight: 400;\r\n                                        \"\r\n                                        >5 Second<\/span\r\n                                      >\r\n                                    <\/div><\/a\r\n                                  >\r\n                                <\/div>\r\n                              <\/div>\r\n                              <div class=\"col-12 col-lg-6 col-xl-6\">\r\n                                <div\r\n                                  class=\"card cps-gradient-16 btn-hand radius-15\"\r\n                                >\r\n                                  <a href=\"\/30-second-click-test\"\r\n                                    ><div class=\"card-body p-2\">\r\n                                      <span\r\n                                        style=\"\r\n                                          font-size: 1rem;\r\n                                          font-weight: 400;\r\n                                        \"\r\n                                        >30 Second<\/span\r\n                                      >\r\n                                    <\/div><\/a\r\n                                  >\r\n                                <\/div>\r\n                              <\/div>\r\n                            <\/div>\r\n                          <\/div>\r\n                        <\/div>\r\n                      <\/div>\r\n                    <\/div>\r\n                  <\/div>\r\n                <\/div>\r\n              <\/div>\r\n            <\/div>\r\n          <\/div>\r\n          <div class=\"row\">\r\n            <div\r\n              class=\"col-md-12 text-center\"\r\n              data-ad-refresh=\"true\"\r\n              data-adslot=\"\/21855545885\/clicktester.net\/ATF\"\r\n              data-size-desktop=\"[[728,90]]\"\r\n              data-size-mobile=\"[[320,50]]\"\r\n            ><\/div>\r\n          <\/div>\r\n         \r\n   \r\n<script src=\"\/js\/output.574e65e6155e.js\"><\/script>\r\n    <script src=\"\/js\/clickspersecond.js\"><\/script>\r\n\t  \n\n\n\n<hr class=\"wp-block-separator has-alpha-channel-opacity\"\/>\n\n\n\n<h2 class=\"wp-block-heading\"><strong>Meistere deine Klickf\u00e4higkeiten mit dem 15-Sekunden-CPS-Test.<\/strong><\/h2>\n\n\n\n<p>Suchen Sie nach einer spa\u00dfigen M\u00f6glichkeit, Ihre Klickgeschwindigkeit zu testen und zu verbessern? Der 15-Sekunden-CPS-Test (Clicks pro Sekunde) ist eine ansprechende und wettbewerbsf\u00e4hige M\u00f6glichkeit, Ihre Klickleistung zu messen. In diesem Leitfaden erkunden wir die Welt des Klickgeschwindigkeitstests und bieten wertvolle Tipps, um Ihre CPS-Punktzahl zu verbessern.<\/p>\n\n\n\n<h3 class=\"wp-block-heading\"><strong>Was ist der 15-Sekunden-CPS-Test?<\/strong><\/h3>\n\n\n\n<p>Der 15-Sekunden-CPS-Test ist eine Online-Herausforderung, die Ihre F\u00e4higkeit misst, eine Maustaste so schnell wie m\u00f6glich innerhalb eines 15-Sekunden-Zeitrahmens zu klicken. Es ist eine unterhaltsame M\u00f6glichkeit, Ihre Reaktionsf\u00e4higkeit, Hand-Augen-Koordination und Fingerfertigkeit zu testen. Fordern Sie Freunde oder andere Spieler weltweit heraus, um zu sehen, wer die h\u00f6chste CPS-Punktzahl erreichen kann!<\/p>\n\n\n\n<h3 class=\"wp-block-heading\"><strong>Warum sollte man den 15-Sekunden-CPS-Test ausprobieren?<\/strong><\/h3>\n\n\n\n<p><strong>Verbesserung der Reflexe:<\/strong> Durch regelm\u00e4\u00dfige Teilnahme am CPS-Test k\u00f6nnen Sie Ihre Reaktionszeit und Reflexe verbessern, was in Spielen, Sportarten und im t\u00e4glichen Leben von Vorteil sein kann.<\/p>\n\n\n\n<p><strong>Verbesserung der Hand-Augen-Koordination:<\/strong> Klickgeschwindigkeitstests erfordern eine pr\u00e4zise Hand-Augen-Koordination, die Ihre Konzentration und Feinmotorik sch\u00e4rfen kann.<\/p>\n\n\n\n<p><strong>F\u00f6rderung freundschaftlicher Wettbewerbe:<\/strong> Fordern Sie Ihre Freunde und Familienmitglieder heraus, Ihre Punktzahl zu schlagen, um eine unterhaltsame und ansprechende Umgebung zu schaffen.<\/p>\n\n\n\n<p><strong>Steigerung der Fingerfertigkeit:<\/strong> Der 15-Sekunden-CPS-Test kann dazu beitragen, die Fingerst\u00e4rke und Agilit\u00e4t zu entwickeln, die beim Tippen, beim Spielen von Musikinstrumenten und mehr n\u00fctzlich sein k\u00f6nnen.<\/p>\n\n\n\n<h2 class=\"wp-block-heading\"><strong>Tipps zur Verbesserung Ihrer 15-Sekunden-CPS-Testpunktzahl<\/strong><\/h2>\n\n\n\n<p>und einen reaktionsschnellen Klick hat, um eine optimale Leistung zu erzielen.<\/p>\n\n\n\n<p><strong>Verbessern Sie Ihren Griff:<\/strong> Experimentieren Sie mit verschiedenen Griffstilen, wie Handfl\u00e4che, Klaue oder Fingerspitze, um denjenigen zu finden, der maximale Geschwindigkeit und Kontrolle erm\u00f6glicht.<\/p>\n\n\n\n<p><strong>Aufw\u00e4rmen der Finger:<\/strong> Dehnen und aufw\u00e4rmen Sie Ihre Finger, bevor Sie den Test starten, um Kr\u00e4mpfe zu vermeiden und eine optimale Leistung zu gew\u00e4hrleisten.<\/p>\n\n\n\n<p><strong>Entwickeln Sie einen Rhythmus:<\/strong> Versuchen Sie, einen konsistenten Klickrhythmus zu etablieren, um Ihre CPS-Punktzahl zu maximieren.<\/p>\n\n\n\n<p><strong>Verwenden Sie mehrere Finger:<\/strong> Wechseln Sie zwischen zwei oder mehr Fingern, um schneller zu klicken und Erm\u00fcdung zu reduzieren.<\/p>\n\n\n\n<p><strong>Regelm\u00e4\u00dfiges \u00dcben:<\/strong> Um Ihre Klickgeschwindigkeit zu verbessern und Ihr pers\u00f6nliches Bestes zu \u00fcbertreffen, ist es wichtig, eine konsistente \u00dcbungsroutine aufrechtzuerhalten.<\/p>\n\n\n\n<h3 class=\"wp-block-heading\"><strong>Schlussfolgerung<\/strong><\/h3>\n\n\n\n<p>Der 15-Sekunden-CPS-Test ist eine aufregende und s\u00fcchtig machende M\u00f6glichkeit, Ihre Klickgeschwindigkeit zu testen und zu verbessern. Indem Sie unsere Tipps befolgen und regelm\u00e4\u00dfig \u00fcben, werden Sie signifikante Verbesserungen in Ihren Reflexen, Ihrer Hand-Augen-Koordination und Ihrer Fingerfertigkeit sehen. Z\u00f6gern Sie nicht &#8211; fordern Sie sich selbst und andere im aufregenden Bereich des Klickgeschwindigkeitstests heraus!<\/p>\n","protected":false},"excerpt":{"rendered":"<p>15 Sekunden Klicktest(15 Sekunden CPS Test) Meistere deine Klickf\u00e4higkeiten mit dem 15-Sekunden-CPS-Test. Suchen Sie nach einer spa\u00dfigen M\u00f6glichkeit, Ihre Klickgeschwindigkeit zu testen und zu verbessern? Der 15-Sekunden-CPS-Test (Clicks pro Sekunde) ist eine ansprechende und wettbewerbsf\u00e4hige M\u00f6glichkeit, Ihre Klickleistung zu messen. In diesem Leitfaden erkunden wir die Welt des Klickgeschwindigkeitstests und bieten wertvolle Tipps, um Ihre &#8230; <a title=\"15 Sekunden Klicktest\" class=\"read-more\" href=\"https:\/\/clicktester.net\/de\/15-sekunden-klicktest\/\" aria-label=\"Read more about 15 Sekunden Klicktest\">Read more<\/a><\/p>\n","protected":false},"author":1,"featured_media":0,"parent":0,"menu_order":0,"comment_status":"closed","ping_status":"closed","template":"","meta":{"footnotes":""},"class_list":["post-125","page","type-page","status-publish"],"yoast_head":"<!-- This site is optimized with the Yoast SEO plugin v27.5 - https:\/\/yoast.com\/product\/yoast-seo-wordpress\/ -->\n<title>15 Sekunden Klicktest - Click Tester<\/title>\n<meta name=\"description\" content=\"Entdecke die aufregende Welt des Klickgeschwindigkeitstests mit dem 15 Sekunden klicktest. Erfahre, wie du deine Leistung verbessern.\" \/>\n<meta name=\"robots\" content=\"index, follow, max-snippet:-1, max-image-preview:large, max-video-preview:-1\" \/>\n<link rel=\"canonical\" href=\"https:\/\/clicktester.net\/de\/15-sekunden-klicktest\/\" \/>\n<meta property=\"og:locale\" content=\"en_US\" \/>\n<meta property=\"og:type\" content=\"article\" \/>\n<meta property=\"og:title\" content=\"15 Sekunden Klicktest - Click Tester\" \/>\n<meta property=\"og:description\" content=\"Entdecke die aufregende Welt des Klickgeschwindigkeitstests mit dem 15 Sekunden klicktest. Erfahre, wie du deine Leistung verbessern.\" \/>\n<meta property=\"og:url\" content=\"https:\/\/clicktester.net\/de\/15-sekunden-klicktest\/\" \/>\n<meta property=\"og:site_name\" content=\"Click Tester\" \/>\n<meta property=\"article:modified_time\" content=\"2023-06-16T10:06:38+00:00\" \/>\n<meta name=\"twitter:card\" content=\"summary_large_image\" \/>\n<meta name=\"twitter:label1\" content=\"Est. reading time\" \/>\n\t<meta name=\"twitter:data1\" content=\"2 minutes\" \/>\n<script type=\"application\/ld+json\" class=\"yoast-schema-graph\">{\"@context\":\"https:\\\/\\\/schema.org\",\"@graph\":[{\"@type\":\"WebPage\",\"@id\":\"https:\\\/\\\/clicktester.net\\\/de\\\/15-sekunden-klicktest\\\/\",\"url\":\"https:\\\/\\\/clicktester.net\\\/de\\\/15-sekunden-klicktest\\\/\",\"name\":\"15 Sekunden Klicktest - Click Tester\",\"isPartOf\":{\"@id\":\"https:\\\/\\\/clicktester.net\\\/de\\\/#website\"},\"datePublished\":\"2023-03-27T13:44:56+00:00\",\"dateModified\":\"2023-06-16T10:06:38+00:00\",\"description\":\"Entdecke die aufregende Welt des Klickgeschwindigkeitstests mit dem 15 Sekunden klicktest. Erfahre, wie du deine Leistung verbessern.\",\"breadcrumb\":{\"@id\":\"https:\\\/\\\/clicktester.net\\\/de\\\/15-sekunden-klicktest\\\/#breadcrumb\"},\"inLanguage\":\"en-US\",\"potentialAction\":[{\"@type\":\"ReadAction\",\"target\":[\"https:\\\/\\\/clicktester.net\\\/de\\\/15-sekunden-klicktest\\\/\"]}]},{\"@type\":\"BreadcrumbList\",\"@id\":\"https:\\\/\\\/clicktester.net\\\/de\\\/15-sekunden-klicktest\\\/#breadcrumb\",\"itemListElement\":[{\"@type\":\"ListItem\",\"position\":1,\"name\":\"Home\",\"item\":\"https:\\\/\\\/clicktester.net\\\/de\\\/\"},{\"@type\":\"ListItem\",\"position\":2,\"name\":\"15 Sekunden Klicktest\"}]},{\"@type\":\"WebSite\",\"@id\":\"https:\\\/\\\/clicktester.net\\\/de\\\/#website\",\"url\":\"https:\\\/\\\/clicktester.net\\\/de\\\/\",\"name\":\"Click Tester\",\"description\":\"Test Your Click Speed\",\"publisher\":{\"@id\":\"https:\\\/\\\/clicktester.net\\\/de\\\/#organization\"},\"potentialAction\":[{\"@type\":\"SearchAction\",\"target\":{\"@type\":\"EntryPoint\",\"urlTemplate\":\"https:\\\/\\\/clicktester.net\\\/de\\\/?s={search_term_string}\"},\"query-input\":{\"@type\":\"PropertyValueSpecification\",\"valueRequired\":true,\"valueName\":\"search_term_string\"}}],\"inLanguage\":\"en-US\"},{\"@type\":\"Organization\",\"@id\":\"https:\\\/\\\/clicktester.net\\\/de\\\/#organization\",\"name\":\"Click Tester\",\"url\":\"https:\\\/\\\/clicktester.net\\\/de\\\/\",\"logo\":{\"@type\":\"ImageObject\",\"inLanguage\":\"en-US\",\"@id\":\"https:\\\/\\\/clicktester.net\\\/de\\\/#\\\/schema\\\/logo\\\/image\\\/\",\"url\":\"https:\\\/\\\/clicktester.net\\\/de\\\/wp-content\\\/uploads\\\/2023\\\/03\\\/click-tester-2.png\",\"contentUrl\":\"https:\\\/\\\/clicktester.net\\\/de\\\/wp-content\\\/uploads\\\/2023\\\/03\\\/click-tester-2.png\",\"width\":350,\"height\":70,\"caption\":\"Click Tester\"},\"image\":{\"@id\":\"https:\\\/\\\/clicktester.net\\\/de\\\/#\\\/schema\\\/logo\\\/image\\\/\"}}]}<\/script>\n<!-- \/ Yoast SEO plugin. -->","yoast_head_json":{"title":"15 Sekunden Klicktest - Click Tester","description":"Entdecke die aufregende Welt des Klickgeschwindigkeitstests mit dem 15 Sekunden klicktest. Erfahre, wie du deine Leistung verbessern.","robots":{"index":"index","follow":"follow","max-snippet":"max-snippet:-1","max-image-preview":"max-image-preview:large","max-video-preview":"max-video-preview:-1"},"canonical":"https:\/\/clicktester.net\/de\/15-sekunden-klicktest\/","og_locale":"en_US","og_type":"article","og_title":"15 Sekunden Klicktest - Click Tester","og_description":"Entdecke die aufregende Welt des Klickgeschwindigkeitstests mit dem 15 Sekunden klicktest. Erfahre, wie du deine Leistung verbessern.","og_url":"https:\/\/clicktester.net\/de\/15-sekunden-klicktest\/","og_site_name":"Click Tester","article_modified_time":"2023-06-16T10:06:38+00:00","twitter_card":"summary_large_image","twitter_misc":{"Est. reading time":"2 minutes"},"schema":{"@context":"https:\/\/schema.org","@graph":[{"@type":"WebPage","@id":"https:\/\/clicktester.net\/de\/15-sekunden-klicktest\/","url":"https:\/\/clicktester.net\/de\/15-sekunden-klicktest\/","name":"15 Sekunden Klicktest - Click Tester","isPartOf":{"@id":"https:\/\/clicktester.net\/de\/#website"},"datePublished":"2023-03-27T13:44:56+00:00","dateModified":"2023-06-16T10:06:38+00:00","description":"Entdecke die aufregende Welt des Klickgeschwindigkeitstests mit dem 15 Sekunden klicktest. Erfahre, wie du deine Leistung verbessern.","breadcrumb":{"@id":"https:\/\/clicktester.net\/de\/15-sekunden-klicktest\/#breadcrumb"},"inLanguage":"en-US","potentialAction":[{"@type":"ReadAction","target":["https:\/\/clicktester.net\/de\/15-sekunden-klicktest\/"]}]},{"@type":"BreadcrumbList","@id":"https:\/\/clicktester.net\/de\/15-sekunden-klicktest\/#breadcrumb","itemListElement":[{"@type":"ListItem","position":1,"name":"Home","item":"https:\/\/clicktester.net\/de\/"},{"@type":"ListItem","position":2,"name":"15 Sekunden Klicktest"}]},{"@type":"WebSite","@id":"https:\/\/clicktester.net\/de\/#website","url":"https:\/\/clicktester.net\/de\/","name":"Click Tester","description":"Test Your Click Speed","publisher":{"@id":"https:\/\/clicktester.net\/de\/#organization"},"potentialAction":[{"@type":"SearchAction","target":{"@type":"EntryPoint","urlTemplate":"https:\/\/clicktester.net\/de\/?s={search_term_string}"},"query-input":{"@type":"PropertyValueSpecification","valueRequired":true,"valueName":"search_term_string"}}],"inLanguage":"en-US"},{"@type":"Organization","@id":"https:\/\/clicktester.net\/de\/#organization","name":"Click Tester","url":"https:\/\/clicktester.net\/de\/","logo":{"@type":"ImageObject","inLanguage":"en-US","@id":"https:\/\/clicktester.net\/de\/#\/schema\/logo\/image\/","url":"https:\/\/clicktester.net\/de\/wp-content\/uploads\/2023\/03\/click-tester-2.png","contentUrl":"https:\/\/clicktester.net\/de\/wp-content\/uploads\/2023\/03\/click-tester-2.png","width":350,"height":70,"caption":"Click Tester"},"image":{"@id":"https:\/\/clicktester.net\/de\/#\/schema\/logo\/image\/"}}]}},"_links":{"self":[{"href":"https:\/\/clicktester.net\/de\/wp-json\/wp\/v2\/pages\/125","targetHints":{"allow":["GET"]}}],"collection":[{"href":"https:\/\/clicktester.net\/de\/wp-json\/wp\/v2\/pages"}],"about":[{"href":"https:\/\/clicktester.net\/de\/wp-json\/wp\/v2\/types\/page"}],"author":[{"embeddable":true,"href":"https:\/\/clicktester.net\/de\/wp-json\/wp\/v2\/users\/1"}],"replies":[{"embeddable":true,"href":"https:\/\/clicktester.net\/de\/wp-json\/wp\/v2\/comments?post=125"}],"version-history":[{"count":7,"href":"https:\/\/clicktester.net\/de\/wp-json\/wp\/v2\/pages\/125\/revisions"}],"predecessor-version":[{"id":308,"href":"https:\/\/clicktester.net\/de\/wp-json\/wp\/v2\/pages\/125\/revisions\/308"}],"wp:attachment":[{"href":"https:\/\/clicktester.net\/de\/wp-json\/wp\/v2\/media?parent=125"}],"curies":[{"name":"wp","href":"https:\/\/api.w.org\/{rel}","templated":true}]}}