{"id":113,"date":"2023-03-27T13:43:05","date_gmt":"2023-03-27T13:43:05","guid":{"rendered":"https:\/\/clicktester.net\/?page_id=113"},"modified":"2023-06-16T10:01:42","modified_gmt":"2023-06-16T10:01:42","slug":"1-sekunden-cps-test","status":"publish","type":"page","link":"https:\/\/clicktester.net\/de\/1-sekunden-cps-test\/","title":{"rendered":"1 Sekunden CPS Test"},"content":{"rendered":"\n<h1 class=\"wp-block-heading has-text-align-center\">1 Sekunden CPS Test (1 Sekunden Klick Test)<\/h1>\n\n\n <link href=\"\/js\/newoutput.56c1953f3e31.css\" rel=\"stylesheet\" type=\"text\/css\" \/>\r\n  \r\n              <div class=\"row\">\r\n            <div class=\"card radius-15\" style=\"position: inherit\">\r\n              <div class=\"row\">\r\n                <div class=\"mt-3\">\r\n                  <div class=\"col-12 col-lg-12 col-xl-12\">\r\n                    <div class=\"row text-center\">\r\n                      <div class=\"col-12 col-lg-4\">\r\n                        <div class=\"card cps-gradient-16 radius-15 p-3\">\r\n                          <span\r\n                            id=\"clicks\"\r\n                            style=\"font-size: 1.3rem; font-weight: 500\"\r\n                            >0<\/span\r\n                          >\r\n                          <small>CPS<\/small>\r\n                        <\/div>\r\n                      <\/div>\r\n                      <div class=\"col-12 col-lg-4\">\r\n                        <div class=\"card cps-gradient-9 radius-15 p-3\">\r\n                          <span\r\n                            id=\"score\"\r\n                            style=\"font-size: 1.3rem; font-weight: 500\"\r\n                            >0<\/span\r\n                          >\r\n                          <small>Score<\/small>\r\n                        <\/div>\r\n                      <\/div>\r\n                      <div class=\"col-12 col-lg-4\">\r\n                        <div class=\"card cps-gradient-1 radius-15 p-3\">\r\n                          <span\r\n                            id=\"timer\"\r\n                            style=\"font-size: 1.3rem; font-weight: 500\"\r\n                            >0<\/span\r\n                          >\r\n                          <small>Timer<\/small>\r\n                        <\/div>\r\n                      <\/div>\r\n                      <input\r\n                        id=\"cpsTimerInput\"\r\n                        type=\"hidden\"\r\n                        value=\"1\"\r\n                      \/><input\r\n                        id=\"localStorage1\"\r\n                        type=\"hidden\"\r\n                        value=\"1second\"\r\n                      \/><input\r\n                        id=\"localStorage2\"\r\n                        type=\"hidden\"\r\n                        value=\"1secSc\"\r\n                      \/>\r\n                    <\/div>\r\n                    <div class=\"card radius-15\" style=\"position: inherit\">\r\n                      <div class=\"btn clicksPerSecondRipple\" id=\"clickarea\">\r\n                        <button\r\n                          class=\"cps-gradient-34 radius-15\"\r\n                          id=\"start\"\r\n                          type=\"button\"\r\n                        >\r\n                          START TEST\r\n                        <\/button>\r\n                      <\/div>\r\n                    <\/div>\r\n                  <\/div>\r\n                <\/div>\r\n               \r\n                <\/div>\r\n              <\/div>\r\n              <div\r\n                aria-hidden=\"true\"\r\n                class=\"modal fade show\"\r\n                id=\"clickspersecondtestmodal\"\r\n                style=\"display: none\">\r\n                <div class=\"modal-dialog modal-lg\">\r\n                  <div class=\"modal-content radius-15 cps-gradient-21\">\r\n                    <div class=\"modal-header px-3\">\r\n                      <div class=\"modal-title\" style=\"font-size: 24px\">\r\n                        Result\r\n                      <\/div>\r\n                      <button\r\n                        aria-label=\"close\"\r\n                        class=\"btn btn-light\"\r\n                        data-bs-dismiss=\"modal\"\r\n                        type=\"button\"\r\n                      >\r\n                        <span aria-hidden=\"true\">X<\/span>\r\n                      <\/button>\r\n                    <\/div>\r\n                    <div class=\"col-12 col-lg-12 col-xl-12 radius-15 px-3\">\r\n                      <div class=\"card radius-15 mt-3\">\r\n                        <div class=\"card-body radius-15\">\r\n                          <div class=\"row row-group align-items-center\">\r\n                            <div class=\"col-12 col-lg-8 text-center p-3\">\r\n                              <div style=\"font-size: 30px\">\r\n                                You\u2019re a\r\n                                <b style=\"color: yellow\"\r\n                                  ><i id=\"rankname\"><\/i\r\n                                ><\/b>\r\n                              <\/div>\r\n                              <div id=\"rankratings\"><\/div>\r\n                              <div\r\n                                class=\"col-12 col-lg-12 col-xl-12 radius-15 px-3\"\r\n                              >\r\n                                <div\r\n                                  class=\"card-body cps-gradient-9 radius-15 mt-3\"\r\n                                >\r\n                                  <div style=\"font-size: 20px\">\r\n                                    Your clicking speed is\r\n                                    <b style=\"font-size: 25px; color: yellow\"\r\n                                      ><span class=\"cscore\"><\/span> CPS<\/b\r\n                                    >\r\n                                  <\/div>\r\n                                  <div style=\"font-size: 20px\">\r\n                                    You made\r\n                                    <b style=\"font-size: 25px; color: yellow\"\r\n                                      ><span class=\"sscore\"><\/span> Clicks<\/b\r\n                                    >\r\n                                    in\r\n                                    <b style=\"font-size: 25px; color: yellow\"\r\n                                      ><span class=\"time\"><\/span> Second<\/b\r\n                                    >\r\n                                  <\/div>\r\n                                <\/div>\r\n                              <\/div>\r\n                            <\/div>\r\n                            <div\r\n                              class=\"col-12 col-lg-4 text-center p-3\"\r\n                              id=\"rankimage\"\r\n                            ><\/div>\r\n                          <\/div>\r\n                          <hr \/>\r\n                          <div class=\"text-center\" style=\"font-size: 20px\">\r\n                            <b id=\"ranktext\"\r\n                              >Stop feeling sorry for yourself, don't be a\r\n                              looser.<\/b\r\n                            >\r\n                          <\/div>\r\n                        <\/div>\r\n                      <\/div>\r\n                    <\/div>\r\n                    <div class=\"row text-center\">\r\n                      <div class=\"col-md-12\">\r\n                        <button\r\n                          aria-label=\"close\"\r\n                          class=\"cps-gradient-9 btn btn-lg\"\r\n                          data-bs-dismiss=\"modal\"\r\n                          type=\"button\"\r\n                        >\r\n                          <span aria-hidden=\"true\"><b>TRY AGAIN<\/b><\/span>\r\n                        <\/button>\r\n                        <hr \/>\r\n                        <div class=\"row m-3\">\r\n                          <div style=\"font-size: 20px\">\r\n                            Try Next Challenges!\r\n                          <\/div>\r\n                          <div class=\"container-fluid\">\r\n                            <div class=\"row mt-3\">\r\n                              <div class=\"col-12 col-lg-6 col-xl-6\">\r\n                                <div\r\n                                  class=\"card cps-gradient-9 btn-hand radius-15\"\r\n                                >\r\n                                  <a href=\"\/5-second-click-test\"\r\n                                    ><div class=\"card-body p-2\">\r\n                                      <span\r\n                                        style=\"\r\n                                          font-size: 1rem;\r\n                                          font-weight: 400;\r\n                                        \"\r\n                                        >5 Second<\/span\r\n                                      >\r\n                                    <\/div><\/a\r\n                                  >\r\n                                <\/div>\r\n                              <\/div>\r\n                              <div class=\"col-12 col-lg-6 col-xl-6\">\r\n                                <div\r\n                                  class=\"card cps-gradient-16 btn-hand radius-15\"\r\n                                >\r\n                                  <a href=\"\/30-second-click-test\"\r\n                                    ><div class=\"card-body p-2\">\r\n                                      <span\r\n                                        style=\"\r\n                                          font-size: 1rem;\r\n                                          font-weight: 400;\r\n                                        \"\r\n                                        >30 Second<\/span\r\n                                      >\r\n                                    <\/div><\/a\r\n                                  >\r\n                                <\/div>\r\n                              <\/div>\r\n                            <\/div>\r\n                          <\/div>\r\n                        <\/div>\r\n                      <\/div>\r\n                    <\/div>\r\n                  <\/div>\r\n                <\/div>\r\n              <\/div>\r\n            <\/div>\r\n          <\/div>\r\n          <div class=\"row\">\r\n            <div\r\n              class=\"col-md-12 text-center\"\r\n              data-ad-refresh=\"true\"\r\n              data-adslot=\"\/21855545885\/clicktester.net\/ATF\"\r\n              data-size-desktop=\"[[728,90]]\"\r\n              data-size-mobile=\"[[320,50]]\"\r\n            ><\/div>\r\n          <\/div>\r\n         \r\n   \r\n<script src=\"\/js\/output.574e65e6155e.js\"><\/script>\r\n    <script src=\"\/js\/clickspersecond.js\"><\/script>\r\n\t  \n\n\n\n<hr class=\"wp-block-separator has-alpha-channel-opacity\"\/>\n\n\n\n<h2 class=\"wp-block-heading\"><strong>Was ist der 1 Sekunden CPS Test?<\/strong><\/h2>\n\n\n\n<p>Der 1 Sekunden CPS Test ist ein Online-Tool, das entwickelt wurde, um die Klickgeschwindigkeit einer Person innerhalb einer einzigen Sekunde zu messen. CPS steht f\u00fcr Clicks Per Second, also Klicks pro Sekunde, und bezieht sich auf die Anzahl der Male, die ein Benutzer w\u00e4hrend der Testdauer mit seiner Maus oder seinem Trackpad klicken kann. Der 1-Sekunden-CPS-Test ist eine unterhaltsame und ansprechende Herausforderung, die den Benutzern helfen kann, ihre Fingerfertigkeit, Klickgeschwindigkeit und Reaktionszeit zu verbessern.<\/p>\n\n\n\n<h3 class=\"wp-block-heading\"><strong>Wie man seine 1 Sekunden CPS Testergebnisse verbessert<\/strong><\/h3>\n\n\n\n<p>Um Ihre Klickgeschwindigkeit in einer Sekunde zu verbessern, ben\u00f6tigen Sie \u00dcbung und die richtigen Techniken. Hier sind einige Tipps, um Ihnen zu helfen, eine h\u00f6here Punktzahl zu erreichen:<\/p>\n\n\n\n<p><strong>Positionierung<\/strong>: Stellen Sie sicher, dass Ihre Maus oder Ihr Trackpad bequem platziert ist und Ihre Hand entspannt ist, um Anspannung und Erm\u00fcdung w\u00e4hrend des Tests zu vermeiden.<br><strong>Griff<\/strong>: Probieren Sie verschiedene Griffarten aus, um diejenige zu finden, die Ihnen das schnellste Klicken erm\u00f6glicht.<br><strong>Klicktechnik<\/strong>: \u00dcben Sie fortgeschrittene Klicktechniken wie Jitter-Klicken, Butterfly-Klicken oder Drag-Klicken, um Ihre Klickgeschwindigkeit zu maximieren.<br><strong>Aufw\u00e4rmen:<\/strong> Dehnen Sie Ihre Finger und Handgelenke und \u00fcben Sie das Klicken f\u00fcr einige Minuten vor dem Start des Tests, um Ihre Leistung zu verbessern.<\/p>\n\n\n\n<h2 class=\"wp-block-heading\"><strong>Was ist ein 1 Sekunden Z\u00e4hler?<\/strong><\/h2>\n\n\n\n<p>Ein 1-Sekunden-Z\u00e4hler ist ein Ger\u00e4t, das die Anzahl der Klicks misst, die innerhalb einer einzigen Sekunde ausgef\u00fchrt werden. Es wird h\u00e4ufig in Klicks-pro-Sekunde (CPS)-Tests verwendet, um zu bestimmen, wie schnell eine Person eine Maustaste oder einen Touchscreen dr\u00fccken kann. Ein 1-Sekunden-Z\u00e4hler funktioniert, indem er die Z\u00e4hlung startet, sobald der Benutzer die Taste dr\u00fcckt, und die Z\u00e4hlung stoppt, nachdem 1 Sekunde vergangen ist.<\/p>\n\n\n\n<h2 class=\"wp-block-heading\"><strong>Was ist der CPS (Klicks pro Sekunde) 1-Sekunden-Weltrekord?<\/strong><\/h2>\n\n\n\n<p>Der 1-Sekunden-CPS-Weltrekord bezieht sich auf die maximale Anzahl von Klicks, die innerhalb eines Zeitrahmens von einer Sekunde erreicht wurden. Es ist ein beliebter Ma\u00dfstab, der von Gamern, Entwicklern und anderen Fachleuten verwendet wird, um ihre Klickgeschwindigkeit und -genauigkeit zu testen. Der aktuelle Weltrekord f\u00fcr CPS 1 Sekunde wird von Dylan Allred aus den Vereinigten Staaten gehalten, der am 14. November 2020 innerhalb von 1 Sekunde 22 Mal auf eine Maustaste geklickt hat.<\/p>\n\n\n\n<p>Eine hohe CPS-Punktzahl erfordert eine Kombination aus Geschwindigkeit, Genauigkeit und Fingerfertigkeit. Zahlreiche Personen widmen t\u00e4glich Stunden, um ihre Klickgeschwindigkeit und -pr\u00e4zision zu verbessern. Obwohl der Weltrekord f\u00fcr die meisten Menschen unerreichbar erscheinen mag, ist es wichtig zu bedenken, dass jeder seine eigene pers\u00f6nliche Bestleistung hat.<\/p>\n\n\n\n<h2 class=\"wp-block-heading has-text-align-center\"><strong>H\u00e4ufig gestellte Fragen<\/strong><\/h2>\n\n\n\n<p><strong>Was ist eine gute Punktzahl f\u00fcr den 1-Sekunden-CPS-Test? <\/strong><\/p>\n\n\n\n<p>Eine gute Punktzahl f\u00fcr den 1-Sekunden-CPS-Test h\u00e4ngt von der Erfahrung und dem K\u00f6nnen des Einzelnen ab. F\u00fcr Anf\u00e4nger gelten 4-6 Klicks in 1 Sekunde als anst\u00e4ndig, w\u00e4hrend fortgeschrittenere Benutzer m\u00f6glicherweise 8-10 Klicks oder mehr anstreben.<\/p>\n\n\n\n<p><strong>Wie kann ich meinen Fortschritt im 1-Sekunden-CPS-Test verfolgen? <\/strong><\/p>\n\n\n\n<p>Um Ihren Fortschritt zu verfolgen, k\u00f6nnen Sie entweder manuell Ihre Punktzahlen aufzeichnen oder einen Online-CPS-Tracker verwenden, der Ihre Punktzahlen automatisch protokolliert.<\/p>\n\n\n\n<p><strong>Ist der 1-Sekunden-CPS-Test f\u00fcr Gamer n\u00fctzlich? <\/strong><\/p>\n\n\n\n<p>Ja, der 1-Sekunden-CPS-Test kann f\u00fcr Gamer hilfreich sein, die ihre Klickgeschwindigkeit, Reaktionszeit und Fingerfertigkeit verbessern m\u00f6chten. Schnelleres Klicken kann in verschiedenen Spielszenarien Vorteile bieten, wie zum Beispiel in Ego-Shootern oder im kompetitiven Esport.<\/p>\n\n\n\n<p><strong>Gibt es auch andere CPS-Testdauern? <\/strong><\/p>\n\n\n\n<p>Ja, viele CPS-Test-Websites bieten verschiedene Testdauern an, die von 1 bis 60 Sekunden reichen. L\u00e4ngere Testdauern k\u00f6nnen Benutzern dabei helfen, ihre anhaltende Klickgeschwindigkeit und Ausdauer zu beurteilen.<\/p>\n","protected":false},"excerpt":{"rendered":"<p>1 Sekunden CPS Test (1 Sekunden Klick Test) Was ist der 1 Sekunden CPS Test? Der 1 Sekunden CPS Test ist ein Online-Tool, das entwickelt wurde, um die Klickgeschwindigkeit einer Person innerhalb einer einzigen Sekunde zu messen. CPS steht f\u00fcr Clicks Per Second, also Klicks pro Sekunde, und bezieht sich auf die Anzahl der Male, &#8230; <a title=\"1 Sekunden CPS Test\" class=\"read-more\" href=\"https:\/\/clicktester.net\/de\/1-sekunden-cps-test\/\" aria-label=\"Read more about 1 Sekunden CPS Test\">Read more<\/a><\/p>\n","protected":false},"author":1,"featured_media":0,"parent":0,"menu_order":0,"comment_status":"closed","ping_status":"closed","template":"","meta":{"footnotes":""},"class_list":["post-113","page","type-page","status-publish"],"yoast_head":"<!-- This site is optimized with the Yoast SEO plugin v27.5 - https:\/\/yoast.com\/product\/yoast-seo-wordpress\/ -->\n<title>1 Sekunden CPS Test - 1 Sekunden Klick Test - Click Tester<\/title>\n<meta name=\"description\" content=\"Teste, wie schnell Du in 1 Sekunde klicken kannst: Der 1-Sekunden-CPS-Test misst Deine Klickgeschwindigkeit!\" \/>\n<meta name=\"robots\" content=\"index, follow, max-snippet:-1, max-image-preview:large, max-video-preview:-1\" \/>\n<link rel=\"canonical\" href=\"https:\/\/clicktester.net\/de\/1-sekunden-cps-test\/\" \/>\n<meta property=\"og:locale\" content=\"en_US\" \/>\n<meta property=\"og:type\" content=\"article\" \/>\n<meta property=\"og:title\" content=\"1 Sekunden CPS Test - 1 Sekunden Klick Test - Click Tester\" \/>\n<meta property=\"og:description\" content=\"Teste, wie schnell Du in 1 Sekunde klicken kannst: Der 1-Sekunden-CPS-Test misst Deine Klickgeschwindigkeit!\" \/>\n<meta property=\"og:url\" content=\"https:\/\/clicktester.net\/de\/1-sekunden-cps-test\/\" \/>\n<meta property=\"og:site_name\" content=\"Click Tester\" \/>\n<meta property=\"article:modified_time\" content=\"2023-06-16T10:01:42+00:00\" \/>\n<meta name=\"twitter:card\" content=\"summary_large_image\" \/>\n<meta name=\"twitter:label1\" content=\"Est. reading time\" \/>\n\t<meta name=\"twitter:data1\" content=\"3 minutes\" \/>\n<script type=\"application\/ld+json\" class=\"yoast-schema-graph\">{\"@context\":\"https:\\\/\\\/schema.org\",\"@graph\":[{\"@type\":\"WebPage\",\"@id\":\"https:\\\/\\\/clicktester.net\\\/de\\\/1-sekunden-cps-test\\\/\",\"url\":\"https:\\\/\\\/clicktester.net\\\/de\\\/1-sekunden-cps-test\\\/\",\"name\":\"1 Sekunden CPS Test - 1 Sekunden Klick Test - Click Tester\",\"isPartOf\":{\"@id\":\"https:\\\/\\\/clicktester.net\\\/de\\\/#website\"},\"datePublished\":\"2023-03-27T13:43:05+00:00\",\"dateModified\":\"2023-06-16T10:01:42+00:00\",\"description\":\"Teste, wie schnell Du in 1 Sekunde klicken kannst: Der 1-Sekunden-CPS-Test misst Deine Klickgeschwindigkeit!\",\"breadcrumb\":{\"@id\":\"https:\\\/\\\/clicktester.net\\\/de\\\/1-sekunden-cps-test\\\/#breadcrumb\"},\"inLanguage\":\"en-US\",\"potentialAction\":[{\"@type\":\"ReadAction\",\"target\":[\"https:\\\/\\\/clicktester.net\\\/de\\\/1-sekunden-cps-test\\\/\"]}]},{\"@type\":\"BreadcrumbList\",\"@id\":\"https:\\\/\\\/clicktester.net\\\/de\\\/1-sekunden-cps-test\\\/#breadcrumb\",\"itemListElement\":[{\"@type\":\"ListItem\",\"position\":1,\"name\":\"Home\",\"item\":\"https:\\\/\\\/clicktester.net\\\/de\\\/\"},{\"@type\":\"ListItem\",\"position\":2,\"name\":\"1 Sekunden CPS Test\"}]},{\"@type\":\"WebSite\",\"@id\":\"https:\\\/\\\/clicktester.net\\\/de\\\/#website\",\"url\":\"https:\\\/\\\/clicktester.net\\\/de\\\/\",\"name\":\"Click Tester\",\"description\":\"Test Your Click Speed\",\"publisher\":{\"@id\":\"https:\\\/\\\/clicktester.net\\\/de\\\/#organization\"},\"potentialAction\":[{\"@type\":\"SearchAction\",\"target\":{\"@type\":\"EntryPoint\",\"urlTemplate\":\"https:\\\/\\\/clicktester.net\\\/de\\\/?s={search_term_string}\"},\"query-input\":{\"@type\":\"PropertyValueSpecification\",\"valueRequired\":true,\"valueName\":\"search_term_string\"}}],\"inLanguage\":\"en-US\"},{\"@type\":\"Organization\",\"@id\":\"https:\\\/\\\/clicktester.net\\\/de\\\/#organization\",\"name\":\"Click Tester\",\"url\":\"https:\\\/\\\/clicktester.net\\\/de\\\/\",\"logo\":{\"@type\":\"ImageObject\",\"inLanguage\":\"en-US\",\"@id\":\"https:\\\/\\\/clicktester.net\\\/de\\\/#\\\/schema\\\/logo\\\/image\\\/\",\"url\":\"https:\\\/\\\/clicktester.net\\\/de\\\/wp-content\\\/uploads\\\/2023\\\/03\\\/click-tester-2.png\",\"contentUrl\":\"https:\\\/\\\/clicktester.net\\\/de\\\/wp-content\\\/uploads\\\/2023\\\/03\\\/click-tester-2.png\",\"width\":350,\"height\":70,\"caption\":\"Click Tester\"},\"image\":{\"@id\":\"https:\\\/\\\/clicktester.net\\\/de\\\/#\\\/schema\\\/logo\\\/image\\\/\"}}]}<\/script>\n<!-- \/ Yoast SEO plugin. -->","yoast_head_json":{"title":"1 Sekunden CPS Test - 1 Sekunden Klick Test - Click Tester","description":"Teste, wie schnell Du in 1 Sekunde klicken kannst: Der 1-Sekunden-CPS-Test misst Deine Klickgeschwindigkeit!","robots":{"index":"index","follow":"follow","max-snippet":"max-snippet:-1","max-image-preview":"max-image-preview:large","max-video-preview":"max-video-preview:-1"},"canonical":"https:\/\/clicktester.net\/de\/1-sekunden-cps-test\/","og_locale":"en_US","og_type":"article","og_title":"1 Sekunden CPS Test - 1 Sekunden Klick Test - Click Tester","og_description":"Teste, wie schnell Du in 1 Sekunde klicken kannst: Der 1-Sekunden-CPS-Test misst Deine Klickgeschwindigkeit!","og_url":"https:\/\/clicktester.net\/de\/1-sekunden-cps-test\/","og_site_name":"Click Tester","article_modified_time":"2023-06-16T10:01:42+00:00","twitter_card":"summary_large_image","twitter_misc":{"Est. reading time":"3 minutes"},"schema":{"@context":"https:\/\/schema.org","@graph":[{"@type":"WebPage","@id":"https:\/\/clicktester.net\/de\/1-sekunden-cps-test\/","url":"https:\/\/clicktester.net\/de\/1-sekunden-cps-test\/","name":"1 Sekunden CPS Test - 1 Sekunden Klick Test - Click Tester","isPartOf":{"@id":"https:\/\/clicktester.net\/de\/#website"},"datePublished":"2023-03-27T13:43:05+00:00","dateModified":"2023-06-16T10:01:42+00:00","description":"Teste, wie schnell Du in 1 Sekunde klicken kannst: Der 1-Sekunden-CPS-Test misst Deine Klickgeschwindigkeit!","breadcrumb":{"@id":"https:\/\/clicktester.net\/de\/1-sekunden-cps-test\/#breadcrumb"},"inLanguage":"en-US","potentialAction":[{"@type":"ReadAction","target":["https:\/\/clicktester.net\/de\/1-sekunden-cps-test\/"]}]},{"@type":"BreadcrumbList","@id":"https:\/\/clicktester.net\/de\/1-sekunden-cps-test\/#breadcrumb","itemListElement":[{"@type":"ListItem","position":1,"name":"Home","item":"https:\/\/clicktester.net\/de\/"},{"@type":"ListItem","position":2,"name":"1 Sekunden CPS Test"}]},{"@type":"WebSite","@id":"https:\/\/clicktester.net\/de\/#website","url":"https:\/\/clicktester.net\/de\/","name":"Click Tester","description":"Test Your Click Speed","publisher":{"@id":"https:\/\/clicktester.net\/de\/#organization"},"potentialAction":[{"@type":"SearchAction","target":{"@type":"EntryPoint","urlTemplate":"https:\/\/clicktester.net\/de\/?s={search_term_string}"},"query-input":{"@type":"PropertyValueSpecification","valueRequired":true,"valueName":"search_term_string"}}],"inLanguage":"en-US"},{"@type":"Organization","@id":"https:\/\/clicktester.net\/de\/#organization","name":"Click Tester","url":"https:\/\/clicktester.net\/de\/","logo":{"@type":"ImageObject","inLanguage":"en-US","@id":"https:\/\/clicktester.net\/de\/#\/schema\/logo\/image\/","url":"https:\/\/clicktester.net\/de\/wp-content\/uploads\/2023\/03\/click-tester-2.png","contentUrl":"https:\/\/clicktester.net\/de\/wp-content\/uploads\/2023\/03\/click-tester-2.png","width":350,"height":70,"caption":"Click Tester"},"image":{"@id":"https:\/\/clicktester.net\/de\/#\/schema\/logo\/image\/"}}]}},"_links":{"self":[{"href":"https:\/\/clicktester.net\/de\/wp-json\/wp\/v2\/pages\/113","targetHints":{"allow":["GET"]}}],"collection":[{"href":"https:\/\/clicktester.net\/de\/wp-json\/wp\/v2\/pages"}],"about":[{"href":"https:\/\/clicktester.net\/de\/wp-json\/wp\/v2\/types\/page"}],"author":[{"embeddable":true,"href":"https:\/\/clicktester.net\/de\/wp-json\/wp\/v2\/users\/1"}],"replies":[{"embeddable":true,"href":"https:\/\/clicktester.net\/de\/wp-json\/wp\/v2\/comments?post=113"}],"version-history":[{"count":8,"href":"https:\/\/clicktester.net\/de\/wp-json\/wp\/v2\/pages\/113\/revisions"}],"predecessor-version":[{"id":303,"href":"https:\/\/clicktester.net\/de\/wp-json\/wp\/v2\/pages\/113\/revisions\/303"}],"wp:attachment":[{"href":"https:\/\/clicktester.net\/de\/wp-json\/wp\/v2\/media?parent=113"}],"curies":[{"name":"wp","href":"https:\/\/api.w.org\/{rel}","templated":true}]}}